{"id":14869,"date":"2014-05-20T07:51:11","date_gmt":"2014-05-20T07:51:11","guid":{"rendered":"http:\/\/demo.qodeinteractive.com\/bridge53\/?page_id=14869"},"modified":"2023-11-20T14:46:22","modified_gmt":"2023-11-20T14:46:22","slug":"home","status":"publish","type":"page","link":"https:\/\/timescale.com.pt\/pt\/","title":{"rendered":"We are Timescale"},"content":{"rendered":"<div   data-q_id=\"#https:\/\/timescale.com.pt\/pt\/contacts\/\"    class=\"vc_row wpb_row section vc_row-fluid\" style=' text-align:left;'><div class=\"full_section_inner clearfix\"><div class=\"wpb_column vc_column_container vc_col-sm-12\" id=\"https:\/\/timescale.com.pt\/about-us\/\"><div class=\"vc_column-inner\"><div class=\"wpb_wrapper\"><div class=\"vc-hoverbox-wrapper  vc_custom_1644942769098 vc-hoverbox-shape--square vc-hoverbox-align--center vc-hoverbox-direction--default vc-hoverbox-width--100\"  ontouchstart=\"\">\n  <div class=\"vc-hoverbox\">\n    <div class=\"vc-hoverbox-inner\">\n      <div class=\"vc-hoverbox-block vc-hoverbox-front\" style=\"background-image: url(https:\/\/timescale.com.pt\/wp-content\/uploads\/2022\/02\/who_we_are-1024x512.png);\">\n        <div class=\"vc-hoverbox-block-inner vc-hoverbox-front-inner\">\n            <h2 style=\"text-align:center\">QUEM SOMOS<\/h2>\n        <\/div>\n      <\/div>\n      <div class=\"vc-hoverbox-block vc-hoverbox-back\" style=\"background-color: ;\">\n        <div class=\"vc-hoverbox-block-inner vc-hoverbox-back-inner\">\n            \n            <h2><a href=\"https:\/\/timescale.com.pt\/pt\/about-us\/#whoarewe\">QUEM SOMOS<\/a><\/h2>\n\n            \n        <\/div>\n      <\/div>\n    <\/div>\n  <\/div>\n<\/div><\/div><\/div><\/div><div class=\"wpb_column vc_column_container vc_col-sm-12\"><div class=\"vc_column-inner\"><div class=\"wpb_wrapper\"><div class=\"vc-hoverbox-wrapper  vc_custom_1644942881759 vc-hoverbox-shape--square vc-hoverbox-align--center vc-hoverbox-direction--default vc-hoverbox-width--100\"  ontouchstart=\"\">\n  <div class=\"vc-hoverbox\">\n    <div class=\"vc-hoverbox-inner\">\n      <div class=\"vc-hoverbox-block vc-hoverbox-front\" style=\"background-image: url(https:\/\/timescale.com.pt\/wp-content\/uploads\/2022\/02\/what_we_do-1024x512.png);\">\n        <div class=\"vc-hoverbox-block-inner vc-hoverbox-front-inner\">\n            <h2 style=\"text-align:center\">O QUE FAZEMOS?<\/h2>\n        <\/div>\n      <\/div>\n      <div class=\"vc-hoverbox-block vc-hoverbox-back\" style=\"background-color: ;\">\n        <div class=\"vc-hoverbox-block-inner vc-hoverbox-back-inner\">\n            \n            <h2><a href=\"https:\/\/timescale.com.pt\/pt\/about-us\/#whatwedo\">O QUE FAZEMOS<\/a><\/h2>\n\n            \n        <\/div>\n      <\/div>\n    <\/div>\n  <\/div>\n<\/div><\/div><\/div><\/div><div class=\"wpb_column vc_column_container vc_col-sm-12\"><div class=\"vc_column-inner\"><div class=\"wpb_wrapper\"><div class=\"vc-hoverbox-wrapper  vc_custom_1644943418913 vc-hoverbox-shape--square vc-hoverbox-align--center vc-hoverbox-direction--default vc-hoverbox-width--100\"  ontouchstart=\"\">\n  <div class=\"vc-hoverbox\">\n    <div class=\"vc-hoverbox-inner\">\n      <div class=\"vc-hoverbox-block vc-hoverbox-front\" style=\"background-image: url(https:\/\/timescale.com.pt\/wp-content\/uploads\/2022\/02\/the_way-1024x512.png);\">\n        <div class=\"vc-hoverbox-block-inner vc-hoverbox-front-inner\">\n            <h2 style=\"text-align:center\">COMO FAZEMOS<\/h2>\n        <\/div>\n      <\/div>\n      <div class=\"vc-hoverbox-block vc-hoverbox-back\" style=\"background-color: ;\">\n        <div class=\"vc-hoverbox-block-inner vc-hoverbox-back-inner\">\n            \n            <h2><a href=\"https:\/\/timescale.com.pt\/pt\/about-us\/#howwedoit\">COMO FAZEMOS<\/a><\/h2>\n\n            \n        <\/div>\n      <\/div>\n    <\/div>\n  <\/div>\n<\/div><\/div><\/div><\/div><div class=\"wpb_column vc_column_container vc_col-sm-12\"><div class=\"vc_column-inner\"><div class=\"wpb_wrapper\"><div class=\"vc-hoverbox-wrapper  vc_custom_1644943015351 vc-hoverbox-shape--square vc-hoverbox-align--center vc-hoverbox-direction--default vc-hoverbox-width--100\"  ontouchstart=\"\">\n  <div class=\"vc-hoverbox\">\n    <div class=\"vc-hoverbox-inner\">\n      <div class=\"vc-hoverbox-block vc-hoverbox-front\" style=\"background-image: url(https:\/\/timescale.com.pt\/wp-content\/uploads\/2022\/02\/work-with-us2-1024x512.png);\">\n        <div class=\"vc-hoverbox-block-inner vc-hoverbox-front-inner\">\n            <h2 style=\"text-align:center\">O QUE PRECISAMOS PARA COME\u00c7AR?<\/h2>\n        <\/div>\n      <\/div>\n      <div class=\"vc-hoverbox-block vc-hoverbox-back\" style=\"background-color: ;\">\n        <div class=\"vc-hoverbox-block-inner vc-hoverbox-back-inner\">\n            \n            <h2><a href=\"https:\/\/timescale.com.pt\/pt\/about-us\/#begin\">O QUE PRECISAMOS PARA COME\u00c7AR?<\/a><\/h2>\n\n            \n        <\/div>\n      <\/div>\n    <\/div>\n  <\/div>\n<\/div><\/div><\/div><\/div><div class=\"wpb_column vc_column_container vc_col-sm-12\"><div class=\"vc_column-inner\"><div class=\"wpb_wrapper\"><div class=\"vc-hoverbox-wrapper  vc_custom_1644943469790 vc-hoverbox-shape--rounded vc-hoverbox-align--center vc-hoverbox-direction--default vc-hoverbox-width--100\"  ontouchstart=\"\">\n  <div class=\"vc-hoverbox\">\n    <div class=\"vc-hoverbox-inner\">\n      <div class=\"vc-hoverbox-block vc-hoverbox-front\" style=\"background-image: url(https:\/\/timescale.com.pt\/wp-content\/uploads\/2022\/02\/advantages-1024x512.png);\">\n        <div class=\"vc-hoverbox-block-inner vc-hoverbox-front-inner\">\n            <h2 style=\"text-align:center\">QUAIS AS VANTAGENS COMPETITIVAS<\/h2>\n        <\/div>\n      <\/div>\n      <div class=\"vc-hoverbox-block vc-hoverbox-back\" style=\"background-color: ;\">\n        <div class=\"vc-hoverbox-block-inner vc-hoverbox-back-inner\">\n            \n            <h2><a href=\"https:\/\/timescale.com.pt\/pt\/about-us\/#advantages\">QUAIS AS VANTAGENS COMPETITIVAS<\/a><\/h2>\n\n            \n        <\/div>\n      <\/div>\n    <\/div>\n  <\/div>\n<\/div><\/div><\/div><\/div><div class=\"wpb_column vc_column_container vc_col-sm-12\"><div class=\"vc_column-inner\"><div class=\"wpb_wrapper\"><div class=\"vc-hoverbox-wrapper  vc_custom_1644943595048 vc-hoverbox-shape--rounded vc-hoverbox-align--center vc-hoverbox-direction--default vc-hoverbox-width--100\"  ontouchstart=\"\">\n  <div class=\"vc-hoverbox\">\n    <div class=\"vc-hoverbox-inner\">\n      <div class=\"vc-hoverbox-block vc-hoverbox-front\" style=\"background-image: url(https:\/\/timescale.com.pt\/wp-content\/uploads\/2022\/02\/represent-1024x512.png);\">\n        <div class=\"vc-hoverbox-block-inner vc-hoverbox-front-inner\">\n            <h2 style=\"text-align:center\">QUEM REPRESENTAMOS?<\/h2>\n        <\/div>\n      <\/div>\n      <div class=\"vc-hoverbox-block vc-hoverbox-back\" style=\"background-color: ;\">\n        <div class=\"vc-hoverbox-block-inner vc-hoverbox-back-inner\">\n            \n            <h2><a href=\"https:\/\/timescale.com.pt\/pt\/worked-brands\/\">QUEM REPRESENTAMOS?<\/a><\/h2>\n\n            \n        <\/div>\n      <\/div>\n    <\/div>\n  <\/div>\n<\/div><\/div><\/div><\/div><\/div><\/div><div id=\"down\"     class=\"vc_row wpb_row section vc_row-fluid\" style=' text-align:left;'><div class=\"full_section_inner clearfix\"><div class=\"wpb_column vc_column_container vc_col-sm-12\"><div class=\"vc_column-inner\"><div class=\"wpb_wrapper\"><div class=\"vc-hoverbox-wrapper  vc_custom_1700491556821 vc-hoverbox-shape--rounded vc-hoverbox-align--center vc-hoverbox-direction--default vc-hoverbox-width--100\"  ontouchstart=\"\">\n  <div class=\"vc-hoverbox\">\n    <div class=\"vc-hoverbox-inner\">\n      <div class=\"vc-hoverbox-block vc-hoverbox-front\" style=\"background-image: url(https:\/\/timescale.com.pt\/wp-content\/uploads\/2022\/02\/the_way-1024x512.png);\">\n        <div class=\"vc-hoverbox-block-inner vc-hoverbox-front-inner\">\n            <h2 style=\"text-align:center\">POL\u00cdTICA DA QUALIDADE<\/h2>\n        <\/div>\n      <\/div>\n      <div class=\"vc-hoverbox-block vc-hoverbox-back\" style=\"background-color: ;\">\n        <div class=\"vc-hoverbox-block-inner vc-hoverbox-back-inner\">\n            \n            <h2>Consulte aqui a nossa <a href=\"https:\/\/timescale.com.pt\/pt\/politica-qualidade\/\">Pol\u00edtica da Qualidade<\/a><\/h2>\n\n            \n        <\/div>\n      <\/div>\n    <\/div>\n  <\/div>\n<\/div><\/div><\/div><\/div><\/div><\/div>","protected":false},"excerpt":{"rendered":"QUEM SOMOS QUEM SOMOS O QUE FAZEMOS? O QUE FAZEMOS COMO FAZEMOS COMO FAZEMOS O QUE PRECISAMOS PARA COME\u00c7AR? O QUE PRECISAMOS PARA COME\u00c7AR? QUAIS AS VANTAGENS COMPETITIVAS QUAIS AS VANTAGENS COMPETITIVAS QUEM REPRESENTAMOS? QUEM REPRESENTAMOS? POL\u00cdTICA DA QUALIDADE Consulte aqui a nossa Pol\u00edtica da...","protected":false},"author":1,"featured_media":0,"parent":0,"menu_order":0,"comment_status":"open","ping_status":"open","template":"full_width.php","meta":{"om_disable_all_campaigns":false,"_monsterinsights_skip_tracking":false,"_monsterinsights_sitenote_active":false,"_monsterinsights_sitenote_note":"","_monsterinsights_sitenote_category":0,"_uf_show_specific_survey":0,"_uf_disable_surveys":false,"footnotes":""},"class_list":["post-14869","page","type-page","status-publish","hentry"],"yoast_head":"<!-- This site is optimized with the Yoast SEO plugin v27.3 - https:\/\/yoast.com\/product\/yoast-seo-wordpress\/ -->\n<title>We are Timescale &#8211; TIMESCALE<\/title>\n<meta name=\"robots\" content=\"index, follow, max-snippet:-1, max-image-preview:large, max-video-preview:-1\" \/>\n<link rel=\"canonical\" href=\"https:\/\/timescale.com.pt\/pt\/\" \/>\n<meta property=\"og:locale\" content=\"pt_PT\" \/>\n<meta property=\"og:type\" content=\"article\" \/>\n<meta property=\"og:title\" content=\"We are Timescale &#8211; TIMESCALE\" \/>\n<meta property=\"og:url\" content=\"https:\/\/timescale.com.pt\/pt\/\" \/>\n<meta property=\"og:site_name\" content=\"TIMESCALE\" \/>\n<meta property=\"article:modified_time\" content=\"2023-11-20T14:46:22+00:00\" \/>\n<meta name=\"twitter:card\" content=\"summary_large_image\" \/>\n<meta name=\"twitter:label1\" content=\"Tempo estimado de leitura\" \/>\n\t<meta name=\"twitter:data1\" content=\"1 minuto\" \/>\n<script type=\"application\/ld+json\" class=\"yoast-schema-graph\">{\"@context\":\"https:\\\/\\\/schema.org\",\"@graph\":[{\"@type\":\"WebPage\",\"@id\":\"https:\\\/\\\/timescale.com.pt\\\/\",\"url\":\"https:\\\/\\\/timescale.com.pt\\\/\",\"name\":\"We are Timescale &#8211; TIMESCALE\",\"isPartOf\":{\"@id\":\"https:\\\/\\\/timescale.com.pt\\\/#website\"},\"datePublished\":\"2014-05-20T07:51:11+00:00\",\"dateModified\":\"2023-11-20T14:46:22+00:00\",\"breadcrumb\":{\"@id\":\"https:\\\/\\\/timescale.com.pt\\\/#breadcrumb\"},\"inLanguage\":\"pt-PT\",\"potentialAction\":[{\"@type\":\"ReadAction\",\"target\":[\"https:\\\/\\\/timescale.com.pt\\\/\"]}]},{\"@type\":\"BreadcrumbList\",\"@id\":\"https:\\\/\\\/timescale.com.pt\\\/#breadcrumb\",\"itemListElement\":[{\"@type\":\"ListItem\",\"position\":1,\"name\":\"In\u00edcio\",\"item\":\"https:\\\/\\\/timescale.com.pt\\\/\"},{\"@type\":\"ListItem\",\"position\":2,\"name\":\"We are Timescale\"}]},{\"@type\":\"WebSite\",\"@id\":\"https:\\\/\\\/timescale.com.pt\\\/#website\",\"url\":\"https:\\\/\\\/timescale.com.pt\\\/\",\"name\":\"Timescale\",\"description\":\"Retail Channel Management Portugal\",\"publisher\":{\"@id\":\"https:\\\/\\\/timescale.com.pt\\\/#organization\"},\"potentialAction\":[{\"@type\":\"SearchAction\",\"target\":{\"@type\":\"EntryPoint\",\"urlTemplate\":\"https:\\\/\\\/timescale.com.pt\\\/?s={search_term_string}\"},\"query-input\":{\"@type\":\"PropertyValueSpecification\",\"valueRequired\":true,\"valueName\":\"search_term_string\"}}],\"inLanguage\":\"pt-PT\"},{\"@type\":\"Organization\",\"@id\":\"https:\\\/\\\/timescale.com.pt\\\/#organization\",\"name\":\"Timescale\",\"url\":\"https:\\\/\\\/timescale.com.pt\\\/\",\"logo\":{\"@type\":\"ImageObject\",\"inLanguage\":\"pt-PT\",\"@id\":\"https:\\\/\\\/timescale.com.pt\\\/#\\\/schema\\\/logo\\\/image\\\/\",\"url\":\"https:\\\/\\\/timescale.com.pt\\\/wp-content\\\/uploads\\\/2019\\\/11\\\/logo-1.png\",\"contentUrl\":\"https:\\\/\\\/timescale.com.pt\\\/wp-content\\\/uploads\\\/2019\\\/11\\\/logo-1.png\",\"width\":277,\"height\":259,\"caption\":\"Timescale\"},\"image\":{\"@id\":\"https:\\\/\\\/timescale.com.pt\\\/#\\\/schema\\\/logo\\\/image\\\/\"},\"sameAs\":[\"https:\\\/\\\/www.linkedin.com\\\/company\\\/timescalerepresentacoes\"]}]}<\/script>\n<!-- \/ Yoast SEO plugin. -->","yoast_head_json":{"title":"We are Timescale &#8211; TIMESCALE","robots":{"index":"index","follow":"follow","max-snippet":"max-snippet:-1","max-image-preview":"max-image-preview:large","max-video-preview":"max-video-preview:-1"},"canonical":"https:\/\/timescale.com.pt\/pt\/","og_locale":"pt_PT","og_type":"article","og_title":"We are Timescale &#8211; TIMESCALE","og_url":"https:\/\/timescale.com.pt\/pt\/","og_site_name":"TIMESCALE","article_modified_time":"2023-11-20T14:46:22+00:00","twitter_card":"summary_large_image","twitter_misc":{"Tempo estimado de leitura":"1 minuto"},"schema":{"@context":"https:\/\/schema.org","@graph":[{"@type":"WebPage","@id":"https:\/\/timescale.com.pt\/","url":"https:\/\/timescale.com.pt\/","name":"We are Timescale &#8211; TIMESCALE","isPartOf":{"@id":"https:\/\/timescale.com.pt\/#website"},"datePublished":"2014-05-20T07:51:11+00:00","dateModified":"2023-11-20T14:46:22+00:00","breadcrumb":{"@id":"https:\/\/timescale.com.pt\/#breadcrumb"},"inLanguage":"pt-PT","potentialAction":[{"@type":"ReadAction","target":["https:\/\/timescale.com.pt\/"]}]},{"@type":"BreadcrumbList","@id":"https:\/\/timescale.com.pt\/#breadcrumb","itemListElement":[{"@type":"ListItem","position":1,"name":"In\u00edcio","item":"https:\/\/timescale.com.pt\/"},{"@type":"ListItem","position":2,"name":"We are Timescale"}]},{"@type":"WebSite","@id":"https:\/\/timescale.com.pt\/#website","url":"https:\/\/timescale.com.pt\/","name":"Timescale","description":"Retail Channel Management Portugal","publisher":{"@id":"https:\/\/timescale.com.pt\/#organization"},"potentialAction":[{"@type":"SearchAction","target":{"@type":"EntryPoint","urlTemplate":"https:\/\/timescale.com.pt\/?s={search_term_string}"},"query-input":{"@type":"PropertyValueSpecification","valueRequired":true,"valueName":"search_term_string"}}],"inLanguage":"pt-PT"},{"@type":"Organization","@id":"https:\/\/timescale.com.pt\/#organization","name":"Timescale","url":"https:\/\/timescale.com.pt\/","logo":{"@type":"ImageObject","inLanguage":"pt-PT","@id":"https:\/\/timescale.com.pt\/#\/schema\/logo\/image\/","url":"https:\/\/timescale.com.pt\/wp-content\/uploads\/2019\/11\/logo-1.png","contentUrl":"https:\/\/timescale.com.pt\/wp-content\/uploads\/2019\/11\/logo-1.png","width":277,"height":259,"caption":"Timescale"},"image":{"@id":"https:\/\/timescale.com.pt\/#\/schema\/logo\/image\/"},"sameAs":["https:\/\/www.linkedin.com\/company\/timescalerepresentacoes"]}]}},"_links":{"self":[{"href":"https:\/\/timescale.com.pt\/pt\/wp-json\/wp\/v2\/pages\/14869","targetHints":{"allow":["GET"]}}],"collection":[{"href":"https:\/\/timescale.com.pt\/pt\/wp-json\/wp\/v2\/pages"}],"about":[{"href":"https:\/\/timescale.com.pt\/pt\/wp-json\/wp\/v2\/types\/page"}],"author":[{"embeddable":true,"href":"https:\/\/timescale.com.pt\/pt\/wp-json\/wp\/v2\/users\/1"}],"replies":[{"embeddable":true,"href":"https:\/\/timescale.com.pt\/pt\/wp-json\/wp\/v2\/comments?post=14869"}],"version-history":[{"count":90,"href":"https:\/\/timescale.com.pt\/pt\/wp-json\/wp\/v2\/pages\/14869\/revisions"}],"predecessor-version":[{"id":16130,"href":"https:\/\/timescale.com.pt\/pt\/wp-json\/wp\/v2\/pages\/14869\/revisions\/16130"}],"wp:attachment":[{"href":"https:\/\/timescale.com.pt\/pt\/wp-json\/wp\/v2\/media?parent=14869"}],"curies":[{"name":"wp","href":"https:\/\/api.w.org\/{rel}","templated":true}]}}