{"id":15317,"date":"2014-11-19T14:41:14","date_gmt":"2014-11-19T14:41:14","guid":{"rendered":"http:\/\/demo.qodeinteractive.com\/bridge53\/?page_id=15317"},"modified":"2023-12-18T10:19:36","modified_gmt":"2023-12-18T10:19:36","slug":"portfolio-page","status":"publish","type":"page","link":"https:\/\/timescale.com.pt\/pt\/portfolio-page\/","title":{"rendered":"Noticias"},"content":{"rendered":"<div      class=\"vc_row wpb_row section vc_row-fluid\" style=' text-align:left;'><div class=\"full_section_inner clearfix\"><div class=\"wpb_animate_when_almost_visible wpb_fadeInDown fadeInDown wpb_column vc_column_container vc_col-sm-12\"><div class=\"vc_column-inner\"><div class=\"wpb_wrapper\"><div class='projects_holder_outer v4 portfolio_with_space portfolio_with_hover_text'>\n    \n    <div class='projects_holder portfolio_main_holder clearfix v4  hover_text portfolio_square_image'>\n        \n        <article class='mix portfolio_category_31 default' style=''>\n    \n    \n    \n    \n        <div class=\"item_holder slide_up\">\n\n            <div class=\"portfolio_title_holder\">\n    \n    <h5 itemprop=\"name\" class=\"portfolio_title entry_title\"><a itemprop=\"url\" href=\"https:\/\/timescale.com.pt\/pt\/portfolio_page\/timescale-e-pme-lider-2023\/\"  target=\"_self\"> Timescale \u00e9 PME L\u00cdDER 2023<\/a><\/h5>\n\n<\/div>\n                            <a itemprop=\"url\" class=\"portfolio_link_class\" title=\"Timescale \u00e9 PME L\u00cdDER 2023\" href=\"https:\/\/timescale.com.pt\/pt\/portfolio_page\/timescale-e-pme-lider-2023\/\"><\/a>\n            \n            <div style=\"\" class=\"portfolio_shader\"><\/div>\n            <div class=\"image_holder\">\n                \n<span class='image'><img loading=\"lazy\" decoding=\"async\" width=\"570\" height=\"570\" src=\"https:\/\/timescale.com.pt\/wp-content\/uploads\/2023\/12\/timescale_pme_lider_3-570x570.png\" class=\"attachment-portfolio-square size-portfolio-square wp-post-image\" alt=\"\" srcset=\"https:\/\/timescale.com.pt\/wp-content\/uploads\/2023\/12\/timescale_pme_lider_3-570x570.png 570w, https:\/\/timescale.com.pt\/wp-content\/uploads\/2023\/12\/timescale_pme_lider_3-150x150.png 150w, https:\/\/timescale.com.pt\/wp-content\/uploads\/2023\/12\/timescale_pme_lider_3-11x12.png 11w, https:\/\/timescale.com.pt\/wp-content\/uploads\/2023\/12\/timescale_pme_lider_3-500x500.png 500w, https:\/\/timescale.com.pt\/wp-content\/uploads\/2023\/12\/timescale_pme_lider_3-1000x1000.png 1000w\" sizes=\"auto, (max-width: 570px) 100vw, 570px\" \/><\/span>            <\/div>\n        <\/div>\n\n    \n<\/article>\n<article class='mix portfolio_category_31 default' style=''>\n    \n    \n    \n    \n        <div class=\"item_holder slide_up\">\n\n            <div class=\"portfolio_title_holder\">\n    \n    <h5 itemprop=\"name\" class=\"portfolio_title entry_title\"><a itemprop=\"url\" href=\"https:\/\/timescale.com.pt\/pt\/portfolio_page\/trevijano-sabor-do-ano\/\"  target=\"_self\"> Trevijano Ganha Sabor do Ano pelo Terceiro Ano Consecutivo<\/a><\/h5>\n\n<\/div>\n                            <a itemprop=\"url\" class=\"portfolio_link_class\" title=\"Trevijano Ganha Sabor do Ano pelo Terceiro Ano Consecutivo\" href=\"https:\/\/timescale.com.pt\/pt\/portfolio_page\/trevijano-sabor-do-ano\/\"><\/a>\n            \n            <div style=\"\" class=\"portfolio_shader\"><\/div>\n            <div class=\"image_holder\">\n                \n<span class='image'><img loading=\"lazy\" decoding=\"async\" width=\"570\" height=\"570\" src=\"https:\/\/timescale.com.pt\/wp-content\/uploads\/2013\/10\/saborDoAno2021-scaled-e1632409679572-570x570.jpg\" class=\"attachment-portfolio-square size-portfolio-square wp-post-image\" alt=\"\" srcset=\"https:\/\/timescale.com.pt\/wp-content\/uploads\/2013\/10\/saborDoAno2021-scaled-e1632409679572-570x570.jpg 570w, https:\/\/timescale.com.pt\/wp-content\/uploads\/2013\/10\/saborDoAno2021-scaled-e1632409679572-150x150.jpg 150w, https:\/\/timescale.com.pt\/wp-content\/uploads\/2013\/10\/saborDoAno2021-scaled-e1632409679572-11x12.jpg 11w, https:\/\/timescale.com.pt\/wp-content\/uploads\/2013\/10\/saborDoAno2021-scaled-e1632409679572-500x500.jpg 500w, https:\/\/timescale.com.pt\/wp-content\/uploads\/2013\/10\/saborDoAno2021-scaled-e1632409679572-1000x1000.jpg 1000w\" sizes=\"auto, (max-width: 570px) 100vw, 570px\" \/><\/span>            <\/div>\n        <\/div>\n\n    \n<\/article>\n<article class='mix portfolio_category_31 large_width_height' style=''>\n    \n    \n    \n    \n        <div class=\"item_holder slide_up\">\n\n            <div class=\"portfolio_title_holder\">\n    \n    <h5 itemprop=\"name\" class=\"portfolio_title entry_title\"><a itemprop=\"url\" href=\"https:\/\/bit.ly\/3zyunSY\"  target=\"_blank\"> A Timescale J\u00e1 est\u00e1 no Linkedin<\/a><\/h5>\n\n<\/div>\n                            <a itemprop=\"url\" class=\"portfolio_link_class\" title=\"A Timescale J\u00e1 est\u00e1 no Linkedin\" href=\"https:\/\/bit.ly\/3zyunSY\"><\/a>\n            \n            <div style=\"\" class=\"portfolio_shader\"><\/div>\n            <div class=\"image_holder\">\n                \n<span class='image'><img loading=\"lazy\" decoding=\"async\" width=\"570\" height=\"570\" src=\"https:\/\/timescale.com.pt\/wp-content\/uploads\/2013\/10\/Design-sem-nome-1-570x570.png\" class=\"attachment-portfolio-square size-portfolio-square wp-post-image\" alt=\"\" srcset=\"https:\/\/timescale.com.pt\/wp-content\/uploads\/2013\/10\/Design-sem-nome-1-570x570.png 570w, https:\/\/timescale.com.pt\/wp-content\/uploads\/2013\/10\/Design-sem-nome-1-300x300.png 300w, https:\/\/timescale.com.pt\/wp-content\/uploads\/2013\/10\/Design-sem-nome-1-1024x1024.png 1024w, https:\/\/timescale.com.pt\/wp-content\/uploads\/2013\/10\/Design-sem-nome-1-150x150.png 150w, https:\/\/timescale.com.pt\/wp-content\/uploads\/2013\/10\/Design-sem-nome-1-768x768.png 768w, https:\/\/timescale.com.pt\/wp-content\/uploads\/2013\/10\/Design-sem-nome-1-12x12.png 12w, https:\/\/timescale.com.pt\/wp-content\/uploads\/2013\/10\/Design-sem-nome-1-500x500.png 500w, https:\/\/timescale.com.pt\/wp-content\/uploads\/2013\/10\/Design-sem-nome-1-1000x1000.png 1000w, https:\/\/timescale.com.pt\/wp-content\/uploads\/2013\/10\/Design-sem-nome-1-700x700.png 700w, https:\/\/timescale.com.pt\/wp-content\/uploads\/2013\/10\/Design-sem-nome-1.png 1080w\" sizes=\"auto, (max-width: 570px) 100vw, 570px\" \/><\/span>            <\/div>\n        <\/div>\n\n    \n<\/article>\n        <div class='filler'><\/div>\n            <div class='filler'><\/div>\n            <div class='filler'><\/div>\n            <div class='filler'><\/div>\n        <\/div>\n\n    \n    <\/div><\/div><\/div><\/div><\/div><\/div><div      class=\"vc_row wpb_row section vc_row-fluid\" style=' text-align:left;'><div class=\"full_section_inner clearfix\"><div class=\"wpb_column vc_column_container vc_col-sm-12\"><div class=\"vc_column-inner\"><div class=\"wpb_wrapper\"><\/div><\/div><\/div><\/div><\/div>","protected":false},"excerpt":{"rendered":"A Timescale J\u00e1 est\u00e1 no Linkedin por forma a marcarmos a nossa presen\u00e7a no meio digital, e comunicarmos conte\u00fado relacionado com as marcas que representamos e a industria em que nos inserimos. N\u00e3o percam! &nbsp; &nbsp;","protected":false},"author":1,"featured_media":0,"parent":0,"menu_order":0,"comment_status":"open","ping_status":"open","template":"full_width.php","meta":{"om_disable_all_campaigns":false,"_monsterinsights_skip_tracking":false,"_monsterinsights_sitenote_active":false,"_monsterinsights_sitenote_note":"","_monsterinsights_sitenote_category":0,"_uf_show_specific_survey":0,"_uf_disable_surveys":false,"footnotes":""},"class_list":["post-15317","page","type-page","status-publish","hentry"],"yoast_head":"<!-- This site is optimized with the Yoast SEO plugin v27.4 - https:\/\/yoast.com\/product\/yoast-seo-wordpress\/ -->\n<title>News &#8211; TIMESCALE<\/title>\n<meta name=\"robots\" content=\"index, follow, max-snippet:-1, max-image-preview:large, max-video-preview:-1\" \/>\n<link rel=\"canonical\" href=\"https:\/\/timescale.com.pt\/pt\/portfolio-page\/\" \/>\n<meta property=\"og:locale\" content=\"pt_PT\" \/>\n<meta property=\"og:type\" content=\"article\" \/>\n<meta property=\"og:title\" content=\"News &#8211; TIMESCALE\" \/>\n<meta property=\"og:url\" content=\"https:\/\/timescale.com.pt\/pt\/portfolio-page\/\" \/>\n<meta property=\"og:site_name\" content=\"TIMESCALE\" \/>\n<meta property=\"article:modified_time\" content=\"2023-12-18T10:19:36+00:00\" \/>\n<meta name=\"twitter:card\" content=\"summary_large_image\" \/>\n<meta name=\"twitter:label1\" content=\"Tempo estimado de leitura\" \/>\n\t<meta name=\"twitter:data1\" content=\"1 minuto\" \/>\n<script type=\"application\/ld+json\" class=\"yoast-schema-graph\">{\"@context\":\"https:\\\/\\\/schema.org\",\"@graph\":[{\"@type\":\"WebPage\",\"@id\":\"https:\\\/\\\/timescale.com.pt\\\/portfolio-page\\\/\",\"url\":\"https:\\\/\\\/timescale.com.pt\\\/portfolio-page\\\/\",\"name\":\"News &#8211; TIMESCALE\",\"isPartOf\":{\"@id\":\"https:\\\/\\\/timescale.com.pt\\\/#website\"},\"datePublished\":\"2014-11-19T14:41:14+00:00\",\"dateModified\":\"2023-12-18T10:19:36+00:00\",\"breadcrumb\":{\"@id\":\"https:\\\/\\\/timescale.com.pt\\\/portfolio-page\\\/#breadcrumb\"},\"inLanguage\":\"pt-PT\",\"potentialAction\":[{\"@type\":\"ReadAction\",\"target\":[\"https:\\\/\\\/timescale.com.pt\\\/portfolio-page\\\/\"]}]},{\"@type\":\"BreadcrumbList\",\"@id\":\"https:\\\/\\\/timescale.com.pt\\\/portfolio-page\\\/#breadcrumb\",\"itemListElement\":[{\"@type\":\"ListItem\",\"position\":1,\"name\":\"In\u00edcio\",\"item\":\"https:\\\/\\\/timescale.com.pt\\\/\"},{\"@type\":\"ListItem\",\"position\":2,\"name\":\"News\"}]},{\"@type\":\"WebSite\",\"@id\":\"https:\\\/\\\/timescale.com.pt\\\/#website\",\"url\":\"https:\\\/\\\/timescale.com.pt\\\/\",\"name\":\"Timescale\",\"description\":\"Retail Channel Management Portugal\",\"publisher\":{\"@id\":\"https:\\\/\\\/timescale.com.pt\\\/#organization\"},\"potentialAction\":[{\"@type\":\"SearchAction\",\"target\":{\"@type\":\"EntryPoint\",\"urlTemplate\":\"https:\\\/\\\/timescale.com.pt\\\/?s={search_term_string}\"},\"query-input\":{\"@type\":\"PropertyValueSpecification\",\"valueRequired\":true,\"valueName\":\"search_term_string\"}}],\"inLanguage\":\"pt-PT\"},{\"@type\":\"Organization\",\"@id\":\"https:\\\/\\\/timescale.com.pt\\\/#organization\",\"name\":\"Timescale\",\"url\":\"https:\\\/\\\/timescale.com.pt\\\/\",\"logo\":{\"@type\":\"ImageObject\",\"inLanguage\":\"pt-PT\",\"@id\":\"https:\\\/\\\/timescale.com.pt\\\/#\\\/schema\\\/logo\\\/image\\\/\",\"url\":\"https:\\\/\\\/timescale.com.pt\\\/wp-content\\\/uploads\\\/2019\\\/11\\\/logo-1.png\",\"contentUrl\":\"https:\\\/\\\/timescale.com.pt\\\/wp-content\\\/uploads\\\/2019\\\/11\\\/logo-1.png\",\"width\":277,\"height\":259,\"caption\":\"Timescale\"},\"image\":{\"@id\":\"https:\\\/\\\/timescale.com.pt\\\/#\\\/schema\\\/logo\\\/image\\\/\"},\"sameAs\":[\"https:\\\/\\\/www.linkedin.com\\\/company\\\/timescalerepresentacoes\"]}]}<\/script>\n<!-- \/ Yoast SEO plugin. -->","yoast_head_json":{"title":"News &#8211; TIMESCALE","robots":{"index":"index","follow":"follow","max-snippet":"max-snippet:-1","max-image-preview":"max-image-preview:large","max-video-preview":"max-video-preview:-1"},"canonical":"https:\/\/timescale.com.pt\/pt\/portfolio-page\/","og_locale":"pt_PT","og_type":"article","og_title":"News &#8211; TIMESCALE","og_url":"https:\/\/timescale.com.pt\/pt\/portfolio-page\/","og_site_name":"TIMESCALE","article_modified_time":"2023-12-18T10:19:36+00:00","twitter_card":"summary_large_image","twitter_misc":{"Tempo estimado de leitura":"1 minuto"},"schema":{"@context":"https:\/\/schema.org","@graph":[{"@type":"WebPage","@id":"https:\/\/timescale.com.pt\/portfolio-page\/","url":"https:\/\/timescale.com.pt\/portfolio-page\/","name":"News &#8211; TIMESCALE","isPartOf":{"@id":"https:\/\/timescale.com.pt\/#website"},"datePublished":"2014-11-19T14:41:14+00:00","dateModified":"2023-12-18T10:19:36+00:00","breadcrumb":{"@id":"https:\/\/timescale.com.pt\/portfolio-page\/#breadcrumb"},"inLanguage":"pt-PT","potentialAction":[{"@type":"ReadAction","target":["https:\/\/timescale.com.pt\/portfolio-page\/"]}]},{"@type":"BreadcrumbList","@id":"https:\/\/timescale.com.pt\/portfolio-page\/#breadcrumb","itemListElement":[{"@type":"ListItem","position":1,"name":"In\u00edcio","item":"https:\/\/timescale.com.pt\/"},{"@type":"ListItem","position":2,"name":"News"}]},{"@type":"WebSite","@id":"https:\/\/timescale.com.pt\/#website","url":"https:\/\/timescale.com.pt\/","name":"Timescale","description":"Retail Channel Management Portugal","publisher":{"@id":"https:\/\/timescale.com.pt\/#organization"},"potentialAction":[{"@type":"SearchAction","target":{"@type":"EntryPoint","urlTemplate":"https:\/\/timescale.com.pt\/?s={search_term_string}"},"query-input":{"@type":"PropertyValueSpecification","valueRequired":true,"valueName":"search_term_string"}}],"inLanguage":"pt-PT"},{"@type":"Organization","@id":"https:\/\/timescale.com.pt\/#organization","name":"Timescale","url":"https:\/\/timescale.com.pt\/","logo":{"@type":"ImageObject","inLanguage":"pt-PT","@id":"https:\/\/timescale.com.pt\/#\/schema\/logo\/image\/","url":"https:\/\/timescale.com.pt\/wp-content\/uploads\/2019\/11\/logo-1.png","contentUrl":"https:\/\/timescale.com.pt\/wp-content\/uploads\/2019\/11\/logo-1.png","width":277,"height":259,"caption":"Timescale"},"image":{"@id":"https:\/\/timescale.com.pt\/#\/schema\/logo\/image\/"},"sameAs":["https:\/\/www.linkedin.com\/company\/timescalerepresentacoes"]}]}},"_links":{"self":[{"href":"https:\/\/timescale.com.pt\/pt\/wp-json\/wp\/v2\/pages\/15317","targetHints":{"allow":["GET"]}}],"collection":[{"href":"https:\/\/timescale.com.pt\/pt\/wp-json\/wp\/v2\/pages"}],"about":[{"href":"https:\/\/timescale.com.pt\/pt\/wp-json\/wp\/v2\/types\/page"}],"author":[{"embeddable":true,"href":"https:\/\/timescale.com.pt\/pt\/wp-json\/wp\/v2\/users\/1"}],"replies":[{"embeddable":true,"href":"https:\/\/timescale.com.pt\/pt\/wp-json\/wp\/v2\/comments?post=15317"}],"version-history":[{"count":43,"href":"https:\/\/timescale.com.pt\/pt\/wp-json\/wp\/v2\/pages\/15317\/revisions"}],"predecessor-version":[{"id":16249,"href":"https:\/\/timescale.com.pt\/pt\/wp-json\/wp\/v2\/pages\/15317\/revisions\/16249"}],"wp:attachment":[{"href":"https:\/\/timescale.com.pt\/pt\/wp-json\/wp\/v2\/media?parent=15317"}],"curies":[{"name":"wp","href":"https:\/\/api.w.org\/{rel}","templated":true}]}}