{"id":15755,"date":"2019-12-03T11:13:36","date_gmt":"2019-12-03T11:13:36","guid":{"rendered":"https:\/\/timescale.com.pt\/?page_id=15755"},"modified":"2019-12-03T11:55:49","modified_gmt":"2019-12-03T11:55:49","slug":"politica-de-cookies","status":"publish","type":"page","link":"https:\/\/timescale.com.pt\/pt\/politica-de-cookies\/","title":{"rendered":"POL\u00cdTICA DE COOKIES"},"content":{"rendered":"<div      class=\"vc_row wpb_row section vc_row-fluid\" style=' text-align:left;'><div class=\"full_section_inner clearfix\"><div class=\"wpb_column vc_column_container vc_col-sm-12\"><div class=\"vc_column-inner\"><div class=\"wpb_wrapper\">\n\t<div class=\"wpb_text_column wpb_content_element\">\n\t\t<div class=\"wpb_wrapper\">\n\t\t\t<h2>POL\u00cdTICA DE COOKIES<\/h2>\n<p>&nbsp;<\/p>\n\n\t\t<\/div> \n\t<\/div> \n\t<div class=\"wpb_text_column wpb_content_element\">\n\t\t<div class=\"wpb_wrapper\">\n\t\t\t<p>Com o objetivo de prestar um servi\u00e7o mais personalizado, o site timescale.com.pt utiliza cookies para recolher e guardar informa\u00e7\u00e3o. Um cookie \u00e9 um pequeno ficheiro informativo, que \u00e9 colocado no dispositivo (ex. PC, telem\u00f3vel, tablet) do utilizador e que permite lembrar as suas escolhas, datas e percursos anteriores, ou seja, guardam as prefer\u00eancias do utilizador relativamente \u00e0 utiliza\u00e7\u00e3o do site, personalizando a sua experi\u00eancia, de forma que n\u00e3o seja necess\u00e1rio voltar a configurar o site cada vez que o visita.<\/p>\n\n\t\t<\/div> \n\t<\/div> \n\t<div class=\"wpb_text_column wpb_content_element\">\n\t\t<div class=\"wpb_wrapper\">\n\t\t\t<h3>\u00a0<\/h3>\n<h3><strong>Cookies anal\u00edticos<\/strong><\/h3>\n<p><!-- \/wp:post-content --><\/p>\n\n\t\t<\/div> \n\t<\/div> \n\t<div class=\"wpb_text_column wpb_content_element\">\n\t\t<div class=\"wpb_wrapper\">\n\t\t\t<p>Estes cookies re\u00fanem informa\u00e7\u00f5es relativas \u00e0 sua utiliza\u00e7\u00e3o do site, por exemplo: a que p\u00e1ginas acede com maior frequ\u00eancia. Estes dados podem ser utilizados para ajudar a otimizar as nossas p\u00e1ginas da Internet e tornar a navega\u00e7\u00e3o mais f\u00e1cil. Estes cookies n\u00e3o re\u00fanem informa\u00e7\u00f5es que o identifiquem. Todas as informa\u00e7\u00f5es reunidas por estes cookies s\u00e3o agregadas e, como tal, an\u00f3nimas.<\/p>\n<p><!-- \/wp:paragraph --><\/p>\n\n\t\t<\/div> \n\t<\/div> \n\t<div class=\"wpb_text_column wpb_content_element\">\n\t\t<div class=\"wpb_wrapper\">\n\t\t\t<h3>\u00a0<\/h3>\n<h3><strong>Cookies de funcionalidade<\/strong><\/h3>\n<p><!-- wp:heading {\"level\":3} --><!-- \/wp:heading --><\/p>\n\n\t\t<\/div> \n\t<\/div> \n\t<div class=\"wpb_text_column wpb_content_element\">\n\t\t<div class=\"wpb_wrapper\">\n\t\t\t<p>Estes cookies permitem que p\u00e1ginas do site recordem as op\u00e7\u00f5es efetuadas pelo utilizador durante a navega\u00e7\u00e3o, ou seja, guardam as prefer\u00eancias do utilizador relativamente \u00e0 utiliza\u00e7\u00e3o do site, de forma que n\u00e3o seja necess\u00e1rio voltar a configurar o site cada vez que o visita.<\/p>\n<p><!-- \/wp:paragraph --><\/p>\n\n\t\t<\/div> \n\t<\/div> \n\t<div class=\"wpb_text_column wpb_content_element\">\n\t\t<div class=\"wpb_wrapper\">\n\t\t\t<h2>\u00a0<\/h2>\n<h2><strong>PRAZO DE CONSERVA\u00c7\u00c3O DE DADOS<\/strong><\/h2>\n<p><!-- \/wp:heading --><\/p>\n\n\t\t<\/div> \n\t<\/div> \n\t<div class=\"wpb_text_column wpb_content_element\">\n\t\t<div class=\"wpb_wrapper\">\n\t\t\t<p>Sempre que n\u00e3o exista uma exig\u00eancia legal especifica, os Cookies ser\u00e3o guardados apenas durante o tempo estritamente necess\u00e1rio para cumprir os fins a que se destinam. O per\u00edodo de tempo durante o qual os dados s\u00e3o guardados depende da finalidade para a qual a informa\u00e7\u00e3o \u00e9 tratada.<\/p>\n<p><!-- \/wp:paragraph --><\/p>\n\n\t\t<\/div> \n\t<\/div> \n\t<div class=\"wpb_text_column wpb_content_element\">\n\t\t<div class=\"wpb_wrapper\">\n\t\t\t<h2>\u00a0<\/h2>\n<h2><strong>CONTACTOS<\/strong><\/h2>\n<p><!-- wp:heading --><!-- \/wp:heading --><\/p>\n\n\t\t<\/div> \n\t<\/div> \n\t<div class=\"wpb_text_column wpb_content_element\">\n\t\t<div class=\"wpb_wrapper\">\n\t\t\t<p>O titular pode contactar-nos para quest\u00f5es sobre a aplica\u00e7\u00e3o do Regulamento Geral da Prote\u00e7\u00e3o de Dados pela Timescale, atrav\u00e9s do site <strong><a href=\"https:\/\/timescale.com.pt\/pt\/\">www.timescale.com.pt<\/a><\/strong>, pelo endere\u00e7o de correio eletr\u00f3nico <strong><a href=\"mailto:geral@timescale.com.pt\">geral@timescale.com.pt<\/a><\/strong> ou por correio para:<\/p>\n<p><!-- \/wp:paragraph --><\/p>\n<p><!-- wp:paragraph -->Timescale &#8211; Representa\u00e7\u00f5es Lda<br \/>Avenida Ant\u00f3nio Santos Leite, n.\u00ba 333, Letra A, Piso 0<\/p>\n<p><!-- \/wp:paragraph --><\/p>\n<p><!-- wp:paragraph -->4470-142 Maia<\/p>\n<p><!-- \/wp:paragraph --><\/p>\n<p><!-- wp:paragraph -->Portugal<\/p>\n\n\t\t<\/div> \n\t<\/div> \n\t<div class=\"wpb_text_column wpb_content_element\">\n\t\t<div class=\"wpb_wrapper\">\n\t\t\t<h2>\u00a0<\/h2>\n<h2><strong>ALTERA\u00c7\u00d5ES NA POL\u00cdTICA DE COOKIES<\/strong><\/h2>\n<p>&nbsp;<\/p>\n\n\t\t<\/div> \n\t<\/div> \n\t<div class=\"wpb_text_column wpb_content_element\">\n\t\t<div class=\"wpb_wrapper\">\n\t\t\t<p>De forma a garantir a adequa\u00e7\u00e3o do documento, a Timescale poder\u00e1 alterar a qualquer momento a presente Pol\u00edtica de Privacidade, sem aviso pr\u00e9vio e com efeitos imediatos.<\/p>\n<p><!-- \/wp:paragraph --><\/p>\n<p><!-- wp:paragraph -->Esta Pol\u00edtica de Privacidade foi atualizada a 03 de dezembro de 2019.<\/p>\n<p>&nbsp;<\/p>\n<p><!-- \/wp:paragraph --><\/p>\n\n\t\t<\/div> \n\t<\/div> <\/div><\/div><\/div><\/div><\/div>","protected":false},"excerpt":{"rendered":"POL\u00cdTICA DE COOKIES &nbsp; Com o objetivo de prestar um servi\u00e7o mais personalizado, o site timescale.com.pt utiliza cookies para recolher e guardar informa\u00e7\u00e3o. Um cookie \u00e9 um pequeno ficheiro informativo, que \u00e9 colocado no dispositivo (ex. PC, telem\u00f3vel, tablet) do utilizador e que permite lembrar...","protected":false},"author":1,"featured_media":0,"parent":0,"menu_order":0,"comment_status":"closed","ping_status":"closed","template":"","meta":{"om_disable_all_campaigns":false,"_monsterinsights_skip_tracking":false,"_monsterinsights_sitenote_active":false,"_monsterinsights_sitenote_note":"","_monsterinsights_sitenote_category":0,"_uf_show_specific_survey":0,"_uf_disable_surveys":false,"footnotes":""},"class_list":["post-15755","page","type-page","status-publish","hentry"],"yoast_head":"<!-- This site is optimized with the Yoast SEO plugin v27.5 - https:\/\/yoast.com\/product\/yoast-seo-wordpress\/ -->\n<title>POL\u00cdTICA DE COOKIES &#8211; TIMESCALE<\/title>\n<meta name=\"robots\" content=\"index, follow, max-snippet:-1, max-image-preview:large, max-video-preview:-1\" \/>\n<link rel=\"canonical\" href=\"https:\/\/timescale.com.pt\/pt\/politica-de-cookies\/\" \/>\n<meta property=\"og:locale\" content=\"pt_PT\" \/>\n<meta property=\"og:type\" content=\"article\" \/>\n<meta property=\"og:title\" content=\"POL\u00cdTICA DE COOKIES &#8211; TIMESCALE\" \/>\n<meta property=\"og:url\" content=\"https:\/\/timescale.com.pt\/pt\/politica-de-cookies\/\" \/>\n<meta property=\"og:site_name\" content=\"TIMESCALE\" \/>\n<meta property=\"article:modified_time\" content=\"2019-12-03T11:55:49+00:00\" \/>\n<meta name=\"twitter:card\" content=\"summary_large_image\" \/>\n<meta name=\"twitter:label1\" content=\"Tempo estimado de leitura\" \/>\n\t<meta name=\"twitter:data1\" content=\"2 minutos\" \/>\n<script type=\"application\/ld+json\" class=\"yoast-schema-graph\">{\"@context\":\"https:\\\/\\\/schema.org\",\"@graph\":[{\"@type\":\"WebPage\",\"@id\":\"https:\\\/\\\/timescale.com.pt\\\/pt\\\/politica-de-cookies\\\/\",\"url\":\"https:\\\/\\\/timescale.com.pt\\\/pt\\\/politica-de-cookies\\\/\",\"name\":\"POL\u00cdTICA DE COOKIES &#8211; TIMESCALE\",\"isPartOf\":{\"@id\":\"https:\\\/\\\/timescale.com.pt\\\/#website\"},\"datePublished\":\"2019-12-03T11:13:36+00:00\",\"dateModified\":\"2019-12-03T11:55:49+00:00\",\"breadcrumb\":{\"@id\":\"https:\\\/\\\/timescale.com.pt\\\/pt\\\/politica-de-cookies\\\/#breadcrumb\"},\"inLanguage\":\"pt-PT\",\"potentialAction\":[{\"@type\":\"ReadAction\",\"target\":[\"https:\\\/\\\/timescale.com.pt\\\/pt\\\/politica-de-cookies\\\/\"]}]},{\"@type\":\"BreadcrumbList\",\"@id\":\"https:\\\/\\\/timescale.com.pt\\\/pt\\\/politica-de-cookies\\\/#breadcrumb\",\"itemListElement\":[{\"@type\":\"ListItem\",\"position\":1,\"name\":\"In\u00edcio\",\"item\":\"https:\\\/\\\/timescale.com.pt\\\/\"},{\"@type\":\"ListItem\",\"position\":2,\"name\":\"POL\u00cdTICA DE COOKIES\"}]},{\"@type\":\"WebSite\",\"@id\":\"https:\\\/\\\/timescale.com.pt\\\/#website\",\"url\":\"https:\\\/\\\/timescale.com.pt\\\/\",\"name\":\"Timescale\",\"description\":\"Retail Channel Management Portugal\",\"publisher\":{\"@id\":\"https:\\\/\\\/timescale.com.pt\\\/#organization\"},\"potentialAction\":[{\"@type\":\"SearchAction\",\"target\":{\"@type\":\"EntryPoint\",\"urlTemplate\":\"https:\\\/\\\/timescale.com.pt\\\/?s={search_term_string}\"},\"query-input\":{\"@type\":\"PropertyValueSpecification\",\"valueRequired\":true,\"valueName\":\"search_term_string\"}}],\"inLanguage\":\"pt-PT\"},{\"@type\":\"Organization\",\"@id\":\"https:\\\/\\\/timescale.com.pt\\\/#organization\",\"name\":\"Timescale\",\"url\":\"https:\\\/\\\/timescale.com.pt\\\/\",\"logo\":{\"@type\":\"ImageObject\",\"inLanguage\":\"pt-PT\",\"@id\":\"https:\\\/\\\/timescale.com.pt\\\/#\\\/schema\\\/logo\\\/image\\\/\",\"url\":\"https:\\\/\\\/timescale.com.pt\\\/wp-content\\\/uploads\\\/2019\\\/11\\\/logo-1.png\",\"contentUrl\":\"https:\\\/\\\/timescale.com.pt\\\/wp-content\\\/uploads\\\/2019\\\/11\\\/logo-1.png\",\"width\":277,\"height\":259,\"caption\":\"Timescale\"},\"image\":{\"@id\":\"https:\\\/\\\/timescale.com.pt\\\/#\\\/schema\\\/logo\\\/image\\\/\"},\"sameAs\":[\"https:\\\/\\\/www.linkedin.com\\\/company\\\/timescalerepresentacoes\"]}]}<\/script>\n<!-- \/ Yoast SEO plugin. -->","yoast_head_json":{"title":"POL\u00cdTICA DE COOKIES &#8211; TIMESCALE","robots":{"index":"index","follow":"follow","max-snippet":"max-snippet:-1","max-image-preview":"max-image-preview:large","max-video-preview":"max-video-preview:-1"},"canonical":"https:\/\/timescale.com.pt\/pt\/politica-de-cookies\/","og_locale":"pt_PT","og_type":"article","og_title":"POL\u00cdTICA DE COOKIES &#8211; TIMESCALE","og_url":"https:\/\/timescale.com.pt\/pt\/politica-de-cookies\/","og_site_name":"TIMESCALE","article_modified_time":"2019-12-03T11:55:49+00:00","twitter_card":"summary_large_image","twitter_misc":{"Tempo estimado de leitura":"2 minutos"},"schema":{"@context":"https:\/\/schema.org","@graph":[{"@type":"WebPage","@id":"https:\/\/timescale.com.pt\/pt\/politica-de-cookies\/","url":"https:\/\/timescale.com.pt\/pt\/politica-de-cookies\/","name":"POL\u00cdTICA DE COOKIES &#8211; TIMESCALE","isPartOf":{"@id":"https:\/\/timescale.com.pt\/#website"},"datePublished":"2019-12-03T11:13:36+00:00","dateModified":"2019-12-03T11:55:49+00:00","breadcrumb":{"@id":"https:\/\/timescale.com.pt\/pt\/politica-de-cookies\/#breadcrumb"},"inLanguage":"pt-PT","potentialAction":[{"@type":"ReadAction","target":["https:\/\/timescale.com.pt\/pt\/politica-de-cookies\/"]}]},{"@type":"BreadcrumbList","@id":"https:\/\/timescale.com.pt\/pt\/politica-de-cookies\/#breadcrumb","itemListElement":[{"@type":"ListItem","position":1,"name":"In\u00edcio","item":"https:\/\/timescale.com.pt\/"},{"@type":"ListItem","position":2,"name":"POL\u00cdTICA DE COOKIES"}]},{"@type":"WebSite","@id":"https:\/\/timescale.com.pt\/#website","url":"https:\/\/timescale.com.pt\/","name":"Timescale","description":"Retail Channel Management Portugal","publisher":{"@id":"https:\/\/timescale.com.pt\/#organization"},"potentialAction":[{"@type":"SearchAction","target":{"@type":"EntryPoint","urlTemplate":"https:\/\/timescale.com.pt\/?s={search_term_string}"},"query-input":{"@type":"PropertyValueSpecification","valueRequired":true,"valueName":"search_term_string"}}],"inLanguage":"pt-PT"},{"@type":"Organization","@id":"https:\/\/timescale.com.pt\/#organization","name":"Timescale","url":"https:\/\/timescale.com.pt\/","logo":{"@type":"ImageObject","inLanguage":"pt-PT","@id":"https:\/\/timescale.com.pt\/#\/schema\/logo\/image\/","url":"https:\/\/timescale.com.pt\/wp-content\/uploads\/2019\/11\/logo-1.png","contentUrl":"https:\/\/timescale.com.pt\/wp-content\/uploads\/2019\/11\/logo-1.png","width":277,"height":259,"caption":"Timescale"},"image":{"@id":"https:\/\/timescale.com.pt\/#\/schema\/logo\/image\/"},"sameAs":["https:\/\/www.linkedin.com\/company\/timescalerepresentacoes"]}]}},"_links":{"self":[{"href":"https:\/\/timescale.com.pt\/pt\/wp-json\/wp\/v2\/pages\/15755","targetHints":{"allow":["GET"]}}],"collection":[{"href":"https:\/\/timescale.com.pt\/pt\/wp-json\/wp\/v2\/pages"}],"about":[{"href":"https:\/\/timescale.com.pt\/pt\/wp-json\/wp\/v2\/types\/page"}],"author":[{"embeddable":true,"href":"https:\/\/timescale.com.pt\/pt\/wp-json\/wp\/v2\/users\/1"}],"replies":[{"embeddable":true,"href":"https:\/\/timescale.com.pt\/pt\/wp-json\/wp\/v2\/comments?post=15755"}],"version-history":[{"count":13,"href":"https:\/\/timescale.com.pt\/pt\/wp-json\/wp\/v2\/pages\/15755\/revisions"}],"predecessor-version":[{"id":15768,"href":"https:\/\/timescale.com.pt\/pt\/wp-json\/wp\/v2\/pages\/15755\/revisions\/15768"}],"wp:attachment":[{"href":"https:\/\/timescale.com.pt\/pt\/wp-json\/wp\/v2\/media?parent=15755"}],"curies":[{"name":"wp","href":"https:\/\/api.w.org\/{rel}","templated":true}]}}