{"id":15836,"date":"2021-09-09T13:40:32","date_gmt":"2021-09-09T13:40:32","guid":{"rendered":"https:\/\/timescale.com.pt\/?page_id=15836"},"modified":"2024-10-16T08:29:00","modified_gmt":"2024-10-16T08:29:00","slug":"the-team","status":"publish","type":"page","link":"https:\/\/timescale.com.pt\/pt\/the-team\/","title":{"rendered":"The Team"},"content":{"rendered":"<div class=\"wp-block-image is-style-rounded\">\n<figure class=\"aligncenter size-full is-resized\"><img loading=\"lazy\" decoding=\"async\" width=\"155\" height=\"206\" src=\"https:\/\/timescale.com.pt\/wp-content\/uploads\/2022\/02\/73888803-64fc-4df8-9b59-bf9b086e5c4f-1-1.png\" alt=\"\" class=\"wp-image-16028\" style=\"width:172px;height:229px\" srcset=\"https:\/\/timescale.com.pt\/wp-content\/uploads\/2022\/02\/73888803-64fc-4df8-9b59-bf9b086e5c4f-1-1.png 155w, https:\/\/timescale.com.pt\/wp-content\/uploads\/2022\/02\/73888803-64fc-4df8-9b59-bf9b086e5c4f-1-1-9x12.png 9w\" sizes=\"auto, (max-width: 155px) 100vw, 155px\" \/><figcaption class=\"wp-element-caption\"><strong>Jos\u00e9 Sousa, CEO at Timescale<\/strong><\/figcaption><\/figure><\/div>\n\n\n<div class=\"wp-block-group\"><div class=\"wp-block-group__inner-container is-layout-flow wp-block-group-is-layout-flow\">\n<blockquote class=\"wp-block-quote has-text-align-center is-style-large is-layout-flow wp-block-quote-is-layout-flow\">\n<p>\"A Timescale \u00e9 constru\u00edda em torno de uma equipa multidisciplinar de diferentes origens, na qual cada membro oferece um conjunto \u00fanico de conhecimentos para a organiza\u00e7\u00e3o. Mas a Timescale \u00e9 mais do que apenas a soma das suas partes. Acreditamos que ao trabalhar juntos, criamos solu\u00e7\u00f5es hol\u00edsticas e eficazes para os nossos clientes\"<\/p>\n<cite>\u2014 <strong>Jos\u00e9 Sousa<\/strong>, 2020<\/cite><\/blockquote>\n\n\n\n<hr class=\"wp-block-separator has-text-color has-css-opacity has-background is-style-wide\" style=\"background-color:#db006a;color:#db006a\"\/>\n\n\n\n<div class=\"wp-block-columns is-layout-flex wp-container-core-columns-is-layout-9d6595d7 wp-block-columns-is-layout-flex\">\n<div class=\"wp-block-column is-layout-flow wp-block-column-is-layout-flow\" style=\"flex-basis:100%\">\n<p><\/p>\n<\/div>\n<\/div>\n<\/div><\/div>\n\n\n\n<h2 class=\"wp-block-heading has-text-color\" id=\"time-to-play\" style=\"color:#ce116b\">TIME TO PLAY<\/h2>\n\n\n\n<p><\/p>\n\n\n\n<figure class=\"wp-block-image size-large\"><img loading=\"lazy\" decoding=\"async\" width=\"1024\" height=\"208\" src=\"https:\/\/timescale.com.pt\/wp-content\/uploads\/2022\/02\/Novo-Projeto-4-2-1024x208.png\" alt=\"\" class=\"wp-image-15995\" srcset=\"https:\/\/timescale.com.pt\/wp-content\/uploads\/2022\/02\/Novo-Projeto-4-2-1024x208.png 1024w, https:\/\/timescale.com.pt\/wp-content\/uploads\/2022\/02\/Novo-Projeto-4-2-300x61.png 300w, https:\/\/timescale.com.pt\/wp-content\/uploads\/2022\/02\/Novo-Projeto-4-2-768x156.png 768w, https:\/\/timescale.com.pt\/wp-content\/uploads\/2022\/02\/Novo-Projeto-4-2-18x4.png 18w, https:\/\/timescale.com.pt\/wp-content\/uploads\/2022\/02\/Novo-Projeto-4-2-700x142.png 700w, https:\/\/timescale.com.pt\/wp-content\/uploads\/2022\/02\/Novo-Projeto-4-2.png 1500w\" sizes=\"auto, (max-width: 1024px) 100vw, 1024px\" \/><\/figure>\n\n\n\n<div class=\"wp-block-group\"><div class=\"wp-block-group__inner-container is-layout-flow wp-block-group-is-layout-flow\">\n<div class=\"wp-block-columns is-layout-flex wp-container-core-columns-is-layout-9d6595d7 wp-block-columns-is-layout-flex\">\n<div class=\"wp-block-column is-layout-flow wp-block-column-is-layout-flow\" style=\"flex-basis:100%\"><\/div>\n<\/div>\n<\/div><\/div>\n\n\n\n<p><strong>Pedro Moreira<\/strong> &#8211; <a href=\"mailto:jmoreira@timescale.com.pt\">jmoreira@timescale.com.pt<\/a><\/p>\n\n\n\n<p><strong>Sara Ferreira<\/strong> &#8211; <a href=\"mailto:sferreira@timescale.com.pt\">sferreira@timescale.com.pt<\/a><\/p>\n\n\n\n<h2 class=\"wp-block-heading\"><br><\/h2>\n\n\n\n<h2 class=\"wp-block-heading has-text-color\" id=\"time-to-do-it\" style=\"color:#ce116b\">TIME TO DO IT<\/h2>\n\n\n\n<p><\/p>\n\n\n\n<figure class=\"wp-block-image size-full is-resized\"><img loading=\"lazy\" decoding=\"async\" width=\"504\" height=\"208\" src=\"https:\/\/timescale.com.pt\/wp-content\/uploads\/2023\/11\/Novo-Projeto-4-3-1-1024x208-1.png\" alt=\"\" class=\"wp-image-16230\" style=\"width:569px;height:235px\" srcset=\"https:\/\/timescale.com.pt\/wp-content\/uploads\/2023\/11\/Novo-Projeto-4-3-1-1024x208-1.png 504w, https:\/\/timescale.com.pt\/wp-content\/uploads\/2023\/11\/Novo-Projeto-4-3-1-1024x208-1-300x124.png 300w, https:\/\/timescale.com.pt\/wp-content\/uploads\/2023\/11\/Novo-Projeto-4-3-1-1024x208-1-18x7.png 18w\" sizes=\"auto, (max-width: 504px) 100vw, 504px\" \/><\/figure>\n\n\n\n<p><strong>Valter Ferreira<\/strong> &#8211; <a href=\"mailto:vferreira@timescale.com.pt\">vferreira@timescale.com.pt<\/a><\/p>\n\n\n\n<p><strong>Ros\u00e1rio Santos<\/strong> &#8211; <a href=\"mailto:rsantos@timescale.com.pt\">rsantos@timescale.com.pt<\/a><\/p>\n\n\n\n<p><\/p>\n\n\n\n<p><\/p>\n\n\n\n<h2 class=\"wp-block-heading\"><br><\/h2>\n\n\n\n<h2 class=\"wp-block-heading has-text-color\" id=\"time-to-fast-movers\" style=\"color:#ce116b\">TIME TO FAST MOVERS<\/h2>\n\n\n\n<figure class=\"wp-block-image size-full is-resized\"><img loading=\"lazy\" decoding=\"async\" width=\"1024\" height=\"177\" src=\"https:\/\/timescale.com.pt\/wp-content\/uploads\/2023\/11\/Novo-Projeto-13-1024x177-1.png\" alt=\"\" class=\"wp-image-16231\" style=\"width:1128px;height:195px\" srcset=\"https:\/\/timescale.com.pt\/wp-content\/uploads\/2023\/11\/Novo-Projeto-13-1024x177-1.png 1024w, https:\/\/timescale.com.pt\/wp-content\/uploads\/2023\/11\/Novo-Projeto-13-1024x177-1-300x52.png 300w, https:\/\/timescale.com.pt\/wp-content\/uploads\/2023\/11\/Novo-Projeto-13-1024x177-1-768x133.png 768w, https:\/\/timescale.com.pt\/wp-content\/uploads\/2023\/11\/Novo-Projeto-13-1024x177-1-18x3.png 18w, https:\/\/timescale.com.pt\/wp-content\/uploads\/2023\/11\/Novo-Projeto-13-1024x177-1-700x121.png 700w\" sizes=\"auto, (max-width: 1024px) 100vw, 1024px\" \/><\/figure>\n\n\n\n<p><strong>Valter Ferreira<\/strong> &#8211; <a href=\"mailto:vferreira@timescale.com.pt\">vferreira@timescale.com.pt<\/a><\/p>\n\n\n\n<p><strong>V\u00e2nia Costa<\/strong> &#8211; <a href=\"mailto:vcosta@timescale.com.pt\">vcosta@timescale.com.pt<\/a><\/p>\n\n\n\n<h2 class=\"wp-block-heading\"><br><\/h2>\n\n\n\n<h2 class=\"wp-block-heading has-text-color\" id=\"time-to-fresh-things-1\" style=\"color:#ce116b\">TIME TO FRESH THINGS<\/h2>\n\n\n\n<p><\/p>\n\n\n\n<p><\/p>\n\n\n\n<figure class=\"wp-block-image size-large is-resized\"><img loading=\"lazy\" decoding=\"async\" width=\"1024\" height=\"208\" src=\"https:\/\/timescale.com.pt\/wp-content\/uploads\/2022\/02\/Novo-Projeto-6-1024x208.png\" alt=\"\" class=\"wp-image-15975\" style=\"width:842px;height:171px\" srcset=\"https:\/\/timescale.com.pt\/wp-content\/uploads\/2022\/02\/Novo-Projeto-6-1024x208.png 1024w, https:\/\/timescale.com.pt\/wp-content\/uploads\/2022\/02\/Novo-Projeto-6-300x61.png 300w, https:\/\/timescale.com.pt\/wp-content\/uploads\/2022\/02\/Novo-Projeto-6-768x156.png 768w, https:\/\/timescale.com.pt\/wp-content\/uploads\/2022\/02\/Novo-Projeto-6-18x4.png 18w, https:\/\/timescale.com.pt\/wp-content\/uploads\/2022\/02\/Novo-Projeto-6-700x142.png 700w, https:\/\/timescale.com.pt\/wp-content\/uploads\/2022\/02\/Novo-Projeto-6.png 1500w\" sizes=\"auto, (max-width: 1024px) 100vw, 1024px\" \/><\/figure>\n\n\n\n<p><strong>Pedro Querido<\/strong> &#8211; <a href=\"mailto:pquerido@timescale.com.pt\">pquerido@timescale.com.pt<\/a><\/p>\n\n\n\n<p><strong>Ana Rocha<\/strong> &#8211; <a href=\"mailto:arocha@timescale.com.pt\">arocha@timescale.com.pt<\/a><\/p>\n\n\n\n<h2 class=\"wp-block-heading\"><br><\/h2>\n\n\n\n<h2 class=\"wp-block-heading has-text-color\" id=\"time-to-new-markets\" style=\"color:#ce116b\">TIME TO NEW MARKETS<\/h2>\n\n\n\n<figure class=\"wp-block-image size-large\"><img loading=\"lazy\" decoding=\"async\" width=\"1024\" height=\"141\" src=\"https:\/\/timescale.com.pt\/wp-content\/uploads\/2022\/02\/Novo-Projeto-10-1024x141.png\" alt=\"\" class=\"wp-image-16057\" srcset=\"https:\/\/timescale.com.pt\/wp-content\/uploads\/2022\/02\/Novo-Projeto-10-1024x141.png 1024w, https:\/\/timescale.com.pt\/wp-content\/uploads\/2022\/02\/Novo-Projeto-10-300x41.png 300w, https:\/\/timescale.com.pt\/wp-content\/uploads\/2022\/02\/Novo-Projeto-10-768x105.png 768w, https:\/\/timescale.com.pt\/wp-content\/uploads\/2022\/02\/Novo-Projeto-10-18x2.png 18w, https:\/\/timescale.com.pt\/wp-content\/uploads\/2022\/02\/Novo-Projeto-10-700x96.png 700w, https:\/\/timescale.com.pt\/wp-content\/uploads\/2022\/02\/Novo-Projeto-10.png 1500w\" sizes=\"auto, (max-width: 1024px) 100vw, 1024px\" \/><\/figure>\n\n\n\n<p><\/p>\n\n\n\n<p><strong>H\u00e9lder Barbedo<\/strong> &#8211; <a href=\"mailto:hbarbedo@timescale.com.pt\">hbarbedo@timescale.com.pt<\/a><\/p>\n\n\n\n<p><strong>Francisco Barbosa<\/strong> &#8211; <a href=\"mailto:fbarbosa@timescale.com.pt\">fbarbosa@timescale.com.pt<\/a><\/p>\n\n\n\n<p><strong>Ana Rita Braz<\/strong> &#8211; <a href=\"mailto:rbraz@timescale.com.pt\">rbraz@timescale.com.pt<\/a><\/p>\n\n\n\n<p><strong>Ana Rita Ferreira<\/strong><\/p>\n\n\n\n<p>\n<br>\n<\/p>\n\n\n\n<h2 class=\"wp-block-heading has-text-color\" id=\"time-to-join-us\" style=\"color:#ce116b\">TIME TO JOIN US<\/h2>\n\n\n\n<p><\/p>\n\n\n\n<p class=\"has-medium-font-size\"><mark style=\"background-color:rgba(0, 0, 0, 0)\" class=\"has-inline-color has-vivid-cyan-blue-color\"><strong><a href=\"https:\/\/timescale.com.pt\/pt\/candidatura-expontanea\/\" target=\"_blank\" rel=\"noreferrer noopener\"><u>Candidata-te aqui<\/u><\/a><\/strong><\/mark><br><br><\/p>\n\n\n\n<p><\/p>\n\n\n\n<h2 class=\"wp-block-heading has-text-color\" style=\"color:#ce116b\">POL\u00cdTICA DA QUALIDADE E POL\u00cdTICA DE PRIVACIDADE<\/h2>\n\n\n\n<p><a href=\"https:\/\/timescale.com.pt\/pt\/politica-qualidade\/\" target=\"_blank\" rel=\"noreferrer noopener\">Aceda \u00e0 Pol\u00edtica da Qualidade<\/a><\/p>\n\n\n\n<p><a href=\"https:\/\/timescale.com.pt\/pt\/politica-privacidade\/\" target=\"_blank\" rel=\"noreferrer noopener\">Aceda \u00e0 Pol\u00edtica de Privacidade<\/a><\/p>\n\n\n\n<p><br><\/p>","protected":false},"excerpt":{"rendered":"<p>&#8220;Timescale is built around a multidisciplinary team from different backgrounds, in which each member offers a unique set of expertise to the organisation. But Timescale is more than just the sum of its parts. We believe in working together to create holistic and effective solutions&#8230;<\/p>","protected":false},"author":1,"featured_media":0,"parent":0,"menu_order":0,"comment_status":"closed","ping_status":"closed","template":"","meta":{"om_disable_all_campaigns":false,"_monsterinsights_skip_tracking":false,"_monsterinsights_sitenote_active":false,"_monsterinsights_sitenote_note":"","_monsterinsights_sitenote_category":0,"_uf_show_specific_survey":0,"_uf_disable_surveys":false,"footnotes":""},"class_list":["post-15836","page","type-page","status-publish","hentry"],"yoast_head":"<!-- This site is optimized with the Yoast SEO plugin v27.4 - https:\/\/yoast.com\/product\/yoast-seo-wordpress\/ -->\n<title>The Team &#8211; TIMESCALE<\/title>\n<meta name=\"robots\" content=\"index, follow, max-snippet:-1, max-image-preview:large, max-video-preview:-1\" \/>\n<link rel=\"canonical\" href=\"https:\/\/timescale.com.pt\/pt\/the-team\/\" \/>\n<meta property=\"og:locale\" content=\"pt_PT\" \/>\n<meta property=\"og:type\" content=\"article\" \/>\n<meta property=\"og:title\" content=\"The Team &#8211; TIMESCALE\" \/>\n<meta property=\"og:description\" content=\"&#8220;Timescale is built around a multidisciplinary team from different backgrounds, in which each member offers a unique set of expertise to the organisation. But Timescale is more than just the sum of its parts. We believe in working together to create holistic and effective solutions...\" \/>\n<meta property=\"og:url\" content=\"https:\/\/timescale.com.pt\/pt\/the-team\/\" \/>\n<meta property=\"og:site_name\" content=\"TIMESCALE\" \/>\n<meta property=\"article:modified_time\" content=\"2024-10-16T08:29:00+00:00\" \/>\n<meta property=\"og:image\" content=\"https:\/\/timescale.com.pt\/wp-content\/uploads\/2022\/02\/73888803-64fc-4df8-9b59-bf9b086e5c4f-1-1.png\" \/>\n<meta name=\"twitter:card\" content=\"summary_large_image\" \/>\n<meta name=\"twitter:label1\" content=\"Tempo estimado de leitura\" \/>\n\t<meta name=\"twitter:data1\" content=\"2 minutos\" \/>\n<script type=\"application\/ld+json\" class=\"yoast-schema-graph\">{\"@context\":\"https:\\\/\\\/schema.org\",\"@graph\":[{\"@type\":\"WebPage\",\"@id\":\"https:\\\/\\\/timescale.com.pt\\\/the-team\\\/\",\"url\":\"https:\\\/\\\/timescale.com.pt\\\/the-team\\\/\",\"name\":\"The Team &#8211; TIMESCALE\",\"isPartOf\":{\"@id\":\"https:\\\/\\\/timescale.com.pt\\\/#website\"},\"primaryImageOfPage\":{\"@id\":\"https:\\\/\\\/timescale.com.pt\\\/the-team\\\/#primaryimage\"},\"image\":{\"@id\":\"https:\\\/\\\/timescale.com.pt\\\/the-team\\\/#primaryimage\"},\"thumbnailUrl\":\"https:\\\/\\\/timescale.com.pt\\\/wp-content\\\/uploads\\\/2022\\\/02\\\/73888803-64fc-4df8-9b59-bf9b086e5c4f-1-1.png\",\"datePublished\":\"2021-09-09T13:40:32+00:00\",\"dateModified\":\"2024-10-16T08:29:00+00:00\",\"breadcrumb\":{\"@id\":\"https:\\\/\\\/timescale.com.pt\\\/the-team\\\/#breadcrumb\"},\"inLanguage\":\"pt-PT\",\"potentialAction\":[{\"@type\":\"ReadAction\",\"target\":[\"https:\\\/\\\/timescale.com.pt\\\/the-team\\\/\"]}]},{\"@type\":\"ImageObject\",\"inLanguage\":\"pt-PT\",\"@id\":\"https:\\\/\\\/timescale.com.pt\\\/the-team\\\/#primaryimage\",\"url\":\"https:\\\/\\\/timescale.com.pt\\\/wp-content\\\/uploads\\\/2022\\\/02\\\/73888803-64fc-4df8-9b59-bf9b086e5c4f-1-1.png\",\"contentUrl\":\"https:\\\/\\\/timescale.com.pt\\\/wp-content\\\/uploads\\\/2022\\\/02\\\/73888803-64fc-4df8-9b59-bf9b086e5c4f-1-1.png\"},{\"@type\":\"BreadcrumbList\",\"@id\":\"https:\\\/\\\/timescale.com.pt\\\/the-team\\\/#breadcrumb\",\"itemListElement\":[{\"@type\":\"ListItem\",\"position\":1,\"name\":\"In\u00edcio\",\"item\":\"https:\\\/\\\/timescale.com.pt\\\/\"},{\"@type\":\"ListItem\",\"position\":2,\"name\":\"The Team\"}]},{\"@type\":\"WebSite\",\"@id\":\"https:\\\/\\\/timescale.com.pt\\\/#website\",\"url\":\"https:\\\/\\\/timescale.com.pt\\\/\",\"name\":\"Timescale\",\"description\":\"Retail Channel Management Portugal\",\"publisher\":{\"@id\":\"https:\\\/\\\/timescale.com.pt\\\/#organization\"},\"potentialAction\":[{\"@type\":\"SearchAction\",\"target\":{\"@type\":\"EntryPoint\",\"urlTemplate\":\"https:\\\/\\\/timescale.com.pt\\\/?s={search_term_string}\"},\"query-input\":{\"@type\":\"PropertyValueSpecification\",\"valueRequired\":true,\"valueName\":\"search_term_string\"}}],\"inLanguage\":\"pt-PT\"},{\"@type\":\"Organization\",\"@id\":\"https:\\\/\\\/timescale.com.pt\\\/#organization\",\"name\":\"Timescale\",\"url\":\"https:\\\/\\\/timescale.com.pt\\\/\",\"logo\":{\"@type\":\"ImageObject\",\"inLanguage\":\"pt-PT\",\"@id\":\"https:\\\/\\\/timescale.com.pt\\\/#\\\/schema\\\/logo\\\/image\\\/\",\"url\":\"https:\\\/\\\/timescale.com.pt\\\/wp-content\\\/uploads\\\/2019\\\/11\\\/logo-1.png\",\"contentUrl\":\"https:\\\/\\\/timescale.com.pt\\\/wp-content\\\/uploads\\\/2019\\\/11\\\/logo-1.png\",\"width\":277,\"height\":259,\"caption\":\"Timescale\"},\"image\":{\"@id\":\"https:\\\/\\\/timescale.com.pt\\\/#\\\/schema\\\/logo\\\/image\\\/\"},\"sameAs\":[\"https:\\\/\\\/www.linkedin.com\\\/company\\\/timescalerepresentacoes\"]}]}<\/script>\n<!-- \/ Yoast SEO plugin. -->","yoast_head_json":{"title":"The Team &#8211; TIMESCALE","robots":{"index":"index","follow":"follow","max-snippet":"max-snippet:-1","max-image-preview":"max-image-preview:large","max-video-preview":"max-video-preview:-1"},"canonical":"https:\/\/timescale.com.pt\/pt\/the-team\/","og_locale":"pt_PT","og_type":"article","og_title":"The Team &#8211; TIMESCALE","og_description":"&#8220;Timescale is built around a multidisciplinary team from different backgrounds, in which each member offers a unique set of expertise to the organisation. But Timescale is more than just the sum of its parts. We believe in working together to create holistic and effective solutions...","og_url":"https:\/\/timescale.com.pt\/pt\/the-team\/","og_site_name":"TIMESCALE","article_modified_time":"2024-10-16T08:29:00+00:00","og_image":[{"url":"https:\/\/timescale.com.pt\/wp-content\/uploads\/2022\/02\/73888803-64fc-4df8-9b59-bf9b086e5c4f-1-1.png","type":"","width":"","height":""}],"twitter_card":"summary_large_image","twitter_misc":{"Tempo estimado de leitura":"2 minutos"},"schema":{"@context":"https:\/\/schema.org","@graph":[{"@type":"WebPage","@id":"https:\/\/timescale.com.pt\/the-team\/","url":"https:\/\/timescale.com.pt\/the-team\/","name":"The Team &#8211; TIMESCALE","isPartOf":{"@id":"https:\/\/timescale.com.pt\/#website"},"primaryImageOfPage":{"@id":"https:\/\/timescale.com.pt\/the-team\/#primaryimage"},"image":{"@id":"https:\/\/timescale.com.pt\/the-team\/#primaryimage"},"thumbnailUrl":"https:\/\/timescale.com.pt\/wp-content\/uploads\/2022\/02\/73888803-64fc-4df8-9b59-bf9b086e5c4f-1-1.png","datePublished":"2021-09-09T13:40:32+00:00","dateModified":"2024-10-16T08:29:00+00:00","breadcrumb":{"@id":"https:\/\/timescale.com.pt\/the-team\/#breadcrumb"},"inLanguage":"pt-PT","potentialAction":[{"@type":"ReadAction","target":["https:\/\/timescale.com.pt\/the-team\/"]}]},{"@type":"ImageObject","inLanguage":"pt-PT","@id":"https:\/\/timescale.com.pt\/the-team\/#primaryimage","url":"https:\/\/timescale.com.pt\/wp-content\/uploads\/2022\/02\/73888803-64fc-4df8-9b59-bf9b086e5c4f-1-1.png","contentUrl":"https:\/\/timescale.com.pt\/wp-content\/uploads\/2022\/02\/73888803-64fc-4df8-9b59-bf9b086e5c4f-1-1.png"},{"@type":"BreadcrumbList","@id":"https:\/\/timescale.com.pt\/the-team\/#breadcrumb","itemListElement":[{"@type":"ListItem","position":1,"name":"In\u00edcio","item":"https:\/\/timescale.com.pt\/"},{"@type":"ListItem","position":2,"name":"The Team"}]},{"@type":"WebSite","@id":"https:\/\/timescale.com.pt\/#website","url":"https:\/\/timescale.com.pt\/","name":"Timescale","description":"Retail Channel Management Portugal","publisher":{"@id":"https:\/\/timescale.com.pt\/#organization"},"potentialAction":[{"@type":"SearchAction","target":{"@type":"EntryPoint","urlTemplate":"https:\/\/timescale.com.pt\/?s={search_term_string}"},"query-input":{"@type":"PropertyValueSpecification","valueRequired":true,"valueName":"search_term_string"}}],"inLanguage":"pt-PT"},{"@type":"Organization","@id":"https:\/\/timescale.com.pt\/#organization","name":"Timescale","url":"https:\/\/timescale.com.pt\/","logo":{"@type":"ImageObject","inLanguage":"pt-PT","@id":"https:\/\/timescale.com.pt\/#\/schema\/logo\/image\/","url":"https:\/\/timescale.com.pt\/wp-content\/uploads\/2019\/11\/logo-1.png","contentUrl":"https:\/\/timescale.com.pt\/wp-content\/uploads\/2019\/11\/logo-1.png","width":277,"height":259,"caption":"Timescale"},"image":{"@id":"https:\/\/timescale.com.pt\/#\/schema\/logo\/image\/"},"sameAs":["https:\/\/www.linkedin.com\/company\/timescalerepresentacoes"]}]}},"_links":{"self":[{"href":"https:\/\/timescale.com.pt\/pt\/wp-json\/wp\/v2\/pages\/15836","targetHints":{"allow":["GET"]}}],"collection":[{"href":"https:\/\/timescale.com.pt\/pt\/wp-json\/wp\/v2\/pages"}],"about":[{"href":"https:\/\/timescale.com.pt\/pt\/wp-json\/wp\/v2\/types\/page"}],"author":[{"embeddable":true,"href":"https:\/\/timescale.com.pt\/pt\/wp-json\/wp\/v2\/users\/1"}],"replies":[{"embeddable":true,"href":"https:\/\/timescale.com.pt\/pt\/wp-json\/wp\/v2\/comments?post=15836"}],"version-history":[{"count":45,"href":"https:\/\/timescale.com.pt\/pt\/wp-json\/wp\/v2\/pages\/15836\/revisions"}],"predecessor-version":[{"id":16260,"href":"https:\/\/timescale.com.pt\/pt\/wp-json\/wp\/v2\/pages\/15836\/revisions\/16260"}],"wp:attachment":[{"href":"https:\/\/timescale.com.pt\/pt\/wp-json\/wp\/v2\/media?parent=15836"}],"curies":[{"name":"wp","href":"https:\/\/api.w.org\/{rel}","templated":true}]}}