{"id":16222,"date":"2023-11-17T10:35:00","date_gmt":"2023-11-17T10:35:00","guid":{"rendered":"https:\/\/timescale.com.pt\/?page_id=16222"},"modified":"2025-01-29T09:00:14","modified_gmt":"2025-01-29T09:00:14","slug":"politica-qualidade","status":"publish","type":"page","link":"https:\/\/timescale.com.pt\/pt\/politica-qualidade\/","title":{"rendered":"POL\u00cdTICA DA QUALIDADE"},"content":{"rendered":"<p>A <strong>TIMESCALE <\/strong>tem como principal objetivo fornecer os melhores produtos e servi\u00e7os, de modo a satisfazer os requisitos dos seus clientes e assegurando a todas as partes interessadas um desempenho eficiente, eficaz e sustent\u00e1vel. Neste sentido, a TIMESCALE, implementou o referencial normativo <strong>NP EN ISO 9001:2015<\/strong>, com o prop\u00f3sito de:<\/p>\n\n\n\n<p><\/p>\n\n\n\n<p class=\"has-black-color has-text-color has-small-font-size\">&#8211; Assegurar que os produtos e servi\u00e7os fornecidos atendam a padr\u00f5es elevados de qualidade e seguran\u00e7a;<\/p>\n\n\n\n<p class=\"has-black-color has-text-color has-small-font-size\">&#8211; Orienta\u00e7\u00e3o para as necessidades dos <strong>clientes<\/strong> de modo a obter a <strong>satisfa\u00e7\u00e3o<\/strong>, confian\u00e7a e fidelidade dos mesmos;<\/p>\n\n\n\n<p class=\"has-black-color has-text-color has-small-font-size\">&#8211; Garantir o cumprimento dos requisitos legais, bem como padr\u00f5es de qualidade, seguran\u00e7a do produto, processos e especifica\u00e7\u00f5es do cliente;<\/p>\n\n\n\n<p class=\"has-black-color has-text-color has-small-font-size\">&#8211; Aposta na forma\u00e7\u00e3o e no desenvolvimento dos colaboradores para melhorar a qualidade dos produtos e servi\u00e7os fornecidos;<\/p>\n\n\n\n<p class=\"has-black-color has-text-color has-small-font-size\">&#8211; Promover o compromisso com uma <strong>cultura de Seguran\u00e7a do produto<\/strong>;<\/p>\n\n\n\n<p class=\"has-black-color has-text-color has-small-font-size\">&#8211; Promover a <strong>melhoria cont\u00ednua<\/strong> de produtos e servi\u00e7os;<\/p>\n\n\n\n<p class=\"has-black-color has-text-color has-small-font-size\">&#8211; Gerir os res\u00edduos associados \u00e0s suas atividades, produtos e servi\u00e7os para minimizar o impacto ambiental;<\/p>\n\n\n\n<p class=\"has-black-color has-text-color has-small-font-size\">&#8211; Promover a <strong>sustentabilidade<\/strong> e a responsabilidade ambiental, \u00e9tica e pessoal;<\/p>\n\n\n\n<p class=\"has-black-color has-text-color has-small-font-size\">&#8211; Estabelecer mecanismos eficazes de <strong>comunica\u00e7\u00e3o com todas as partes interessadas<\/strong>;<\/p>\n\n\n\n<p class=\"has-black-color has-text-color has-small-font-size\">&#8211; Divulgar e promover o conhecimento desta pol\u00edtica a todos os colaboradores e aos fornecedores externos.<\/p>\n\n\n\n<p><\/p>\n\n\n\n<p>Desta forma, a empresa assegura a estrat\u00e9gia definida e a sua adequa\u00e7\u00e3o ao contexto da empresa.<\/p>\n\n\n\n<p>A Ger\u00eancia<\/p>\n\n\n\n<p>Jos\u00e9 Sousa<\/p>","protected":false},"excerpt":{"rendered":"<p>A TIMESCALE tem como principal objetivo fornecer os melhores produtos e servi\u00e7os, de modo a satisfazer os requisitos dos seus clientes e assegurando a todas as partes interessadas um desempenho eficiente, eficaz e sustent\u00e1vel. Neste sentido, a TIMESCALE, implementou o referencial normativo NP EN ISO&#8230;<\/p>","protected":false},"author":1,"featured_media":0,"parent":0,"menu_order":0,"comment_status":"closed","ping_status":"closed","template":"","meta":{"om_disable_all_campaigns":false,"_monsterinsights_skip_tracking":false,"_monsterinsights_sitenote_active":false,"_monsterinsights_sitenote_note":"","_monsterinsights_sitenote_category":0,"_uf_show_specific_survey":0,"_uf_disable_surveys":false,"footnotes":""},"class_list":["post-16222","page","type-page","status-publish","hentry"],"yoast_head":"<!-- This site is optimized with the Yoast SEO plugin v27.5 - https:\/\/yoast.com\/product\/yoast-seo-wordpress\/ -->\n<title>POL\u00cdTICA DA QUALIDADE &#8211; TIMESCALE<\/title>\n<meta name=\"robots\" content=\"index, follow, max-snippet:-1, max-image-preview:large, max-video-preview:-1\" \/>\n<link rel=\"canonical\" href=\"https:\/\/timescale.com.pt\/pt\/politica-qualidade\/\" \/>\n<meta property=\"og:locale\" content=\"pt_PT\" \/>\n<meta property=\"og:type\" content=\"article\" \/>\n<meta property=\"og:title\" content=\"POL\u00cdTICA DA QUALIDADE &#8211; TIMESCALE\" \/>\n<meta property=\"og:description\" content=\"A TIMESCALE tem como principal objetivo fornecer os melhores produtos e servi\u00e7os, de modo a satisfazer os requisitos dos seus clientes e assegurando a todas as partes interessadas um desempenho eficiente, eficaz e sustent\u00e1vel. Neste sentido, a TIMESCALE, implementou o referencial normativo NP EN ISO...\" \/>\n<meta property=\"og:url\" content=\"https:\/\/timescale.com.pt\/pt\/politica-qualidade\/\" \/>\n<meta property=\"og:site_name\" content=\"TIMESCALE\" \/>\n<meta property=\"article:modified_time\" content=\"2025-01-29T09:00:14+00:00\" \/>\n<meta name=\"twitter:card\" content=\"summary_large_image\" \/>\n<script type=\"application\/ld+json\" class=\"yoast-schema-graph\">{\"@context\":\"https:\\\/\\\/schema.org\",\"@graph\":[{\"@type\":\"WebPage\",\"@id\":\"https:\\\/\\\/timescale.com.pt\\\/politica-qualidade\\\/\",\"url\":\"https:\\\/\\\/timescale.com.pt\\\/politica-qualidade\\\/\",\"name\":\"POL\u00cdTICA DA QUALIDADE &#8211; TIMESCALE\",\"isPartOf\":{\"@id\":\"https:\\\/\\\/timescale.com.pt\\\/#website\"},\"datePublished\":\"2023-11-17T10:35:00+00:00\",\"dateModified\":\"2025-01-29T09:00:14+00:00\",\"breadcrumb\":{\"@id\":\"https:\\\/\\\/timescale.com.pt\\\/politica-qualidade\\\/#breadcrumb\"},\"inLanguage\":\"pt-PT\",\"potentialAction\":[{\"@type\":\"ReadAction\",\"target\":[\"https:\\\/\\\/timescale.com.pt\\\/politica-qualidade\\\/\"]}]},{\"@type\":\"BreadcrumbList\",\"@id\":\"https:\\\/\\\/timescale.com.pt\\\/politica-qualidade\\\/#breadcrumb\",\"itemListElement\":[{\"@type\":\"ListItem\",\"position\":1,\"name\":\"In\u00edcio\",\"item\":\"https:\\\/\\\/timescale.com.pt\\\/\"},{\"@type\":\"ListItem\",\"position\":2,\"name\":\"POL\u00cdTICA DA QUALIDADE\"}]},{\"@type\":\"WebSite\",\"@id\":\"https:\\\/\\\/timescale.com.pt\\\/#website\",\"url\":\"https:\\\/\\\/timescale.com.pt\\\/\",\"name\":\"Timescale\",\"description\":\"Retail Channel Management Portugal\",\"publisher\":{\"@id\":\"https:\\\/\\\/timescale.com.pt\\\/#organization\"},\"potentialAction\":[{\"@type\":\"SearchAction\",\"target\":{\"@type\":\"EntryPoint\",\"urlTemplate\":\"https:\\\/\\\/timescale.com.pt\\\/?s={search_term_string}\"},\"query-input\":{\"@type\":\"PropertyValueSpecification\",\"valueRequired\":true,\"valueName\":\"search_term_string\"}}],\"inLanguage\":\"pt-PT\"},{\"@type\":\"Organization\",\"@id\":\"https:\\\/\\\/timescale.com.pt\\\/#organization\",\"name\":\"Timescale\",\"url\":\"https:\\\/\\\/timescale.com.pt\\\/\",\"logo\":{\"@type\":\"ImageObject\",\"inLanguage\":\"pt-PT\",\"@id\":\"https:\\\/\\\/timescale.com.pt\\\/#\\\/schema\\\/logo\\\/image\\\/\",\"url\":\"https:\\\/\\\/timescale.com.pt\\\/wp-content\\\/uploads\\\/2019\\\/11\\\/logo-1.png\",\"contentUrl\":\"https:\\\/\\\/timescale.com.pt\\\/wp-content\\\/uploads\\\/2019\\\/11\\\/logo-1.png\",\"width\":277,\"height\":259,\"caption\":\"Timescale\"},\"image\":{\"@id\":\"https:\\\/\\\/timescale.com.pt\\\/#\\\/schema\\\/logo\\\/image\\\/\"},\"sameAs\":[\"https:\\\/\\\/www.linkedin.com\\\/company\\\/timescalerepresentacoes\"]}]}<\/script>\n<!-- \/ Yoast SEO plugin. -->","yoast_head_json":{"title":"POL\u00cdTICA DA QUALIDADE &#8211; TIMESCALE","robots":{"index":"index","follow":"follow","max-snippet":"max-snippet:-1","max-image-preview":"max-image-preview:large","max-video-preview":"max-video-preview:-1"},"canonical":"https:\/\/timescale.com.pt\/pt\/politica-qualidade\/","og_locale":"pt_PT","og_type":"article","og_title":"POL\u00cdTICA DA QUALIDADE &#8211; TIMESCALE","og_description":"A TIMESCALE tem como principal objetivo fornecer os melhores produtos e servi\u00e7os, de modo a satisfazer os requisitos dos seus clientes e assegurando a todas as partes interessadas um desempenho eficiente, eficaz e sustent\u00e1vel. Neste sentido, a TIMESCALE, implementou o referencial normativo NP EN ISO...","og_url":"https:\/\/timescale.com.pt\/pt\/politica-qualidade\/","og_site_name":"TIMESCALE","article_modified_time":"2025-01-29T09:00:14+00:00","twitter_card":"summary_large_image","schema":{"@context":"https:\/\/schema.org","@graph":[{"@type":"WebPage","@id":"https:\/\/timescale.com.pt\/politica-qualidade\/","url":"https:\/\/timescale.com.pt\/politica-qualidade\/","name":"POL\u00cdTICA DA QUALIDADE &#8211; TIMESCALE","isPartOf":{"@id":"https:\/\/timescale.com.pt\/#website"},"datePublished":"2023-11-17T10:35:00+00:00","dateModified":"2025-01-29T09:00:14+00:00","breadcrumb":{"@id":"https:\/\/timescale.com.pt\/politica-qualidade\/#breadcrumb"},"inLanguage":"pt-PT","potentialAction":[{"@type":"ReadAction","target":["https:\/\/timescale.com.pt\/politica-qualidade\/"]}]},{"@type":"BreadcrumbList","@id":"https:\/\/timescale.com.pt\/politica-qualidade\/#breadcrumb","itemListElement":[{"@type":"ListItem","position":1,"name":"In\u00edcio","item":"https:\/\/timescale.com.pt\/"},{"@type":"ListItem","position":2,"name":"POL\u00cdTICA DA QUALIDADE"}]},{"@type":"WebSite","@id":"https:\/\/timescale.com.pt\/#website","url":"https:\/\/timescale.com.pt\/","name":"Timescale","description":"Retail Channel Management Portugal","publisher":{"@id":"https:\/\/timescale.com.pt\/#organization"},"potentialAction":[{"@type":"SearchAction","target":{"@type":"EntryPoint","urlTemplate":"https:\/\/timescale.com.pt\/?s={search_term_string}"},"query-input":{"@type":"PropertyValueSpecification","valueRequired":true,"valueName":"search_term_string"}}],"inLanguage":"pt-PT"},{"@type":"Organization","@id":"https:\/\/timescale.com.pt\/#organization","name":"Timescale","url":"https:\/\/timescale.com.pt\/","logo":{"@type":"ImageObject","inLanguage":"pt-PT","@id":"https:\/\/timescale.com.pt\/#\/schema\/logo\/image\/","url":"https:\/\/timescale.com.pt\/wp-content\/uploads\/2019\/11\/logo-1.png","contentUrl":"https:\/\/timescale.com.pt\/wp-content\/uploads\/2019\/11\/logo-1.png","width":277,"height":259,"caption":"Timescale"},"image":{"@id":"https:\/\/timescale.com.pt\/#\/schema\/logo\/image\/"},"sameAs":["https:\/\/www.linkedin.com\/company\/timescalerepresentacoes"]}]}},"_links":{"self":[{"href":"https:\/\/timescale.com.pt\/pt\/wp-json\/wp\/v2\/pages\/16222","targetHints":{"allow":["GET"]}}],"collection":[{"href":"https:\/\/timescale.com.pt\/pt\/wp-json\/wp\/v2\/pages"}],"about":[{"href":"https:\/\/timescale.com.pt\/pt\/wp-json\/wp\/v2\/types\/page"}],"author":[{"embeddable":true,"href":"https:\/\/timescale.com.pt\/pt\/wp-json\/wp\/v2\/users\/1"}],"replies":[{"embeddable":true,"href":"https:\/\/timescale.com.pt\/pt\/wp-json\/wp\/v2\/comments?post=16222"}],"version-history":[{"count":8,"href":"https:\/\/timescale.com.pt\/pt\/wp-json\/wp\/v2\/pages\/16222\/revisions"}],"predecessor-version":[{"id":16265,"href":"https:\/\/timescale.com.pt\/pt\/wp-json\/wp\/v2\/pages\/16222\/revisions\/16265"}],"wp:attachment":[{"href":"https:\/\/timescale.com.pt\/pt\/wp-json\/wp\/v2\/media?parent=16222"}],"curies":[{"name":"wp","href":"https:\/\/api.w.org\/{rel}","templated":true}]}}