{"id":3,"date":"2019-11-14T16:35:06","date_gmt":"2019-11-14T16:35:06","guid":{"rendered":"https:\/\/timescale.com.pt\/?page_id=3"},"modified":"2023-11-20T10:52:23","modified_gmt":"2023-11-20T10:52:23","slug":"politica-privacidade","status":"publish","type":"page","link":"https:\/\/timescale.com.pt\/pt\/politica-privacidade\/","title":{"rendered":"POL\u00cdTICA DE PRIVACIDADE"},"content":{"rendered":"<p class=\"has-small-font-size\">A sua privacidade \u00e9 muito importante para n\u00f3s.<\/p>\n\n\n\n<p class=\"has-small-font-size\">A Timescale est\u00e1 empenhada em proteger e salvaguardar os dados que partilha conosco.<\/p>\n\n\n\n<p class=\"has-small-font-size\">Esta Declara\u00e7\u00e3o de Privacidade explica como a Timescale trata os dados pessoais relacionados com indiv\u00edduos, colaboradores, propriet\u00e1rios ou representantes que atuam em nome dos nossos Parceiros Comerciais (existentes, antigos ou potenciais).<\/p>\n\n\n\n<p class=\"has-small-font-size\">Na presente declara\u00e7\u00e3o, a Timescale pode ser referida como \u00abn\u00f3s\u00bb, \u00abnos\u00bb, \u00abnosso\u00bb ou \u00abTimescale\u00bb. Os indiv\u00edduos, colaboradores, propriet\u00e1rios ou representantes que atuam em nome dos nossos Parceiros Comerciais podem ser referidos em conjunto ou de forma individual como \u00abvoc\u00ea\u00bb, \u00abseu\u00bb ou \u00abParceiros Comerciais\u00bb.<\/p>\n\n\n\n<p class=\"has-small-font-size\">As condi\u00e7\u00f5es para descritas aplicam-se ao tratamento de dados pessoais respeitantes a um Parceiro Comercial.<\/p>\n\n\n\n<p class=\"has-small-font-size\">Para obter mais informa\u00e7\u00f5es acerca como a Timescale utiliza cookies em websites e aplica\u00e7\u00f5es dedicados de Parceiros Comerciais, por favor consulte a nossa <strong><u><a href=\"https:\/\/timescale.com.pt\/pt\/politica-de-cookies\/\">Declara\u00e7\u00e3o de Cookies<\/a><\/u><\/strong>.<\/p>\n\n\n\n<p class=\"has-small-font-size\"><strong>Recolha de informa\u00e7\u00f5es<\/strong><\/p>\n\n\n\n<p class=\"has-small-font-size\">Os dados pessoais que Timescale recolhe sobre os Parceiros Comerciais variam consoante o contexto da rela\u00e7\u00e3o comercial.<\/p>\n\n\n\n<p class=\"has-small-font-size\">Por favor, note que os tipos de dados nas sec\u00e7\u00f5es abaixo s\u00e3o apenas considerados \u00abdados pessoais\u00bb quando sejam respeitantes a uma pessoa singular (ou seja, um indiv\u00edduo). Estes tipos de dados n\u00e3o s\u00e3o considerados \u00abdados pessoais\u00bb quando estiverem relacionados com uma pessoa coletiva ou entidade.<\/p>\n\n\n\n<p class=\"has-small-font-size\">Os dados a Timescale recolhe sobre os nossos Parceiros Comerciais podem incluir os seguintes:<\/p>\n\n\n\n<p class=\"has-small-font-size\">Dados Pessoais que partilha conosco:<\/p>\n\n\n\n<p class=\"has-small-font-size\">Dados de contacto<\/p>\n\n\n\n<p class=\"has-small-font-size\">Recolhemos dados dos nossos Parceiros Comerciais, tais como primeiro e \u00faltimo nome, moradas comerciais e endere\u00e7os de e-mail, n\u00fameros de telefone e fax.<\/p>\n\n\n\n<p class=\"has-small-font-size\"><strong>Dados financeiros<\/strong><\/p>\n\n\n\n<p class=\"has-small-font-size\">A Timescale mant\u00e9m os dados necess\u00e1rios para fins de pagamento e fatura\u00e7\u00e3o, incluindo o n\u00famero de identifica\u00e7\u00e3o fiscal e caso se aplique, os seus dados banc\u00e1rios e outros dados que possam ser necess\u00e1rios para o processamento de comprovativos de cr\u00e9dito.<\/p>\n\n\n\n<p class=\"has-small-font-size\"><strong>Dados de verifica\u00e7\u00e3o<\/strong><\/p>\n\n\n\n<p class=\"has-small-font-size\">A Timescale poder\u00e1 solicitar aos Parceiros Comerciais comprovativo de registo da sociedade comercial ou outras informa\u00e7\u00f5es relevantes, com vista a verificar a exist\u00eancia jur\u00eddica do Parceiro Comercial.<\/p>\n\n\n\n<p class=\"has-small-font-size\">Os registos s\u00e3o conservados por tempo limitado, antes de serem eliminados. Por\u00e9m os dados poder\u00e3o ser conservados se a Timescale tiver um interesse leg\u00edtimo em mant\u00ea-los durante mais tempo, em caso de potencial fraude e verifica\u00e7\u00e3o de cumprimento de obriga\u00e7\u00f5es legais.<\/p>\n\n\n\n<p class=\"has-small-font-size\"><strong>Informa\u00e7\u00f5es que recolhemos automaticamente<\/strong><\/p>\n\n\n\n<p class=\"has-small-font-size\">Dependendo da rela\u00e7\u00e3o comercial, poder\u00e3o ser recolhidos dados de forma autom\u00e1tica e alguns das quais podem conter dados pessoais.<\/p>\n\n\n\n<p class=\"has-small-font-size\">Tais informa\u00e7\u00f5es e dados s\u00e3o colhidos quando o Parceiro Comercial utiliza servi\u00e7os online, tais como um formul\u00e1rio de registo, uma conta de utilizador, uma plataforma de gest\u00e3o de fornecedores.<\/p>\n\n\n\n<p class=\"has-small-font-size\">Os dados incluem Endere\u00e7o IP, Localiza\u00e7\u00e3o, Defini\u00e7\u00f5es do dispositivo, Sistema operativo do dispositivo, Informa\u00e7\u00f5es de registo, Tempo de utiliza\u00e7\u00e3o, URL requerido, entre outros.<\/p>\n\n\n\n<p class=\"has-small-font-size\"><strong>Finalidade do tratamento e obten\u00e7\u00e3o de dados<\/strong><\/p>\n\n\n\n<p class=\"has-small-font-size\">A Timescale utiliza as suas informa\u00e7\u00f5es para os seguintes fins:<\/p>\n\n\n\n<p class=\"has-small-font-size\"><strong>A. Registo e gest\u00e3o<\/strong><\/p>\n\n\n\n<p class=\"has-small-font-size\">A Timescale usa dados da conta, dados de contacto e dados financeiros para gerir a rela\u00e7\u00e3o comercial com o Parceiro Comercial. Isto inclui para fins de registo e verifica\u00e7\u00e3o.<\/p>\n\n\n\n<p class=\"has-small-font-size\"><strong>B. Servi\u00e7o de apoio ao cliente<\/strong><\/p>\n\n\n\n<p class=\"has-small-font-size\">A Timescale usa as informa\u00e7\u00f5es fornecidas pelos Parceiros Comerciais (as quais podem incluir dados pessoais) para prestar servi\u00e7os de assist\u00eancia &#8211; por exemplo, para responder a pedidos, quest\u00f5es e d\u00favidas dos Parceiros Comerciais ou de Clientes.<\/p>\n\n\n\n<p class=\"has-small-font-size\"><strong>C. Outras atividades, incluindo marketing<\/strong><\/p>\n\n\n\n<p class=\"has-small-font-size\">A Timescale pode convidar os Parceiros Comerciais a participarem e receberem eventos que pensamos serem relevantes ou que possam ser de interesse para os mesmos.<\/p>\n\n\n\n<p class=\"has-small-font-size\">Se for relevante para a rela\u00e7\u00e3o comercial, a Timescale usa dados pessoais para comunica\u00e7\u00f5es, incluindo fornecer informa\u00e7\u00f5es sobre atualiza\u00e7\u00f5es de sistemas ou produtos, para enviar a newsletter, para convidar os Parceiros Comerciais a participarem em programas de recomenda\u00e7\u00f5es ou concursos ou para outras comunica\u00e7\u00f5es de marketing. Quando usarmos dados pessoais para enviar mensagens de marketing direto em formato eletr\u00f3nico, incluiremos op\u00e7\u00f5es apropriadas para permitir exclus\u00e3o das listas de contacto.<\/p>\n\n\n\n<p class=\"has-small-font-size\"><strong>D. Dados anal\u00edticos, desenvolvimento e pesquisa<\/strong><\/p>\n\n\n\n<p class=\"has-small-font-size\">A Timescale usa as informa\u00e7\u00f5es que nos s\u00e3o fornecidas, que podem incluir dados pessoais, para fins anal\u00edticos. Isto faz parte do nosso objetivo para melhorar os produtos e servi\u00e7os de Timescale e para aprimorar a experi\u00eancia do utilizador.<\/p>\n\n\n\n<p class=\"has-small-font-size\">Alguns Parceiros Comerciais poder\u00e3o ser convidados a juntar-se a uma plataforma online dedicada para interagirem com Timescale e\/ou trocarem experi\u00eancias com outros Parceiros Comerciais.<\/p>\n\n\n\n<p class=\"has-small-font-size\">E. Seguran\u00e7a, dete\u00e7\u00e3o e preven\u00e7\u00e3o de fraudes<\/p>\n\n\n\n<p class=\"has-small-font-size\">Tratamos as informa\u00e7\u00f5es que nos s\u00e3o fornecidas, que podem incluir dados pessoais, para investigar, prevenir e detetar fraudes e outras atividades ilegais, para facilitar a investiga\u00e7\u00e3o e execu\u00e7\u00e3o por parte das autoridades competentes, quando necess\u00e1rio. Para esses fins, os dados pessoais podem ser partilhados com as autoridades respons\u00e1veis pela aplica\u00e7\u00e3o da lei.<\/p>\n\n\n\n<p class=\"has-small-font-size\"><strong>F \u2013 Base Legal<\/strong><\/p>\n\n\n\n<p class=\"has-small-font-size\">A recolha de dados est\u00e1 a coberto do fundamento (legal) de que o tratamento dos dados pessoais \u00e9 necess\u00e1rio para o desempenho do acordo entre o Parceiro Comercial e a Timescale, no interesse comum das partes em fornecer os seus produtos e servi\u00e7os, para prevenir fraudes, no cumprimento de obriga\u00e7\u00f5es legais.<\/p>\n\n\n\n<p class=\"has-small-font-size\">Se pretender opor-se ao tratamento supra mencionado dever\u00e1 contactar-nos para o email <a href=\"mailto:geral@timescale.com.pt\">geral@timescale.com.pt<\/a><\/p>\n\n\n\n<p class=\"has-small-font-size\"><strong>Reten\u00e7\u00e3o de dados<\/strong><\/p>\n\n\n\n<p class=\"has-small-font-size\">Guardaremos dados pessoais pelo tempo que considerarmos necess\u00e1rio para gerir a rela\u00e7\u00e3o comercial com um Parceiro Comercial, para fornecer os servi\u00e7os de Timescale a um Parceiro Comercial, para cumprir a legisla\u00e7\u00e3o aplic\u00e1vel (incluindo a relacionada com a reten\u00e7\u00e3o de documentos), para resolver lit\u00edgios ou reclama\u00e7\u00f5es com quaisquer outras partes e sempre que necess\u00e1rio para nos permitir que continuemos a operar o nosso neg\u00f3cio.<\/p>\n\n\n\n<p class=\"has-small-font-size\">Todos os dados pessoais que retemos sobre si como Parceiro Comercial est\u00e3o sujeitos a esta Declara\u00e7\u00e3o de Privacidade e \u00e0s nossas diretrizes internas de reten\u00e7\u00e3o. Se tiver d\u00favidas sobre os per\u00edodos de reten\u00e7\u00e3o espec\u00edficos para os v\u00e1rios tipos de dados pessoais que tratamos, entre em contacto connosco usando os dados de contacto abaixo.<\/p>\n\n\n\n<p class=\"has-small-font-size\"><strong>As suas escolhas e os seus direitos<\/strong><\/p>\n\n\n\n<p class=\"has-small-font-size\">Dependendo de onde se encontra e de que entidade Timescale faz o tratamento dos seus dados pessoais, poder-se-\u00e3o aplicar diferentes direitos ao tratamento desses dados, conforme determinado nesta Declara\u00e7\u00e3o de Privacidade. Como aplic\u00e1vel:<\/p>\n\n\n\n<p class=\"has-small-font-size\">Pode pedir-nos uma c\u00f3pia dos dados pessoais que mantemos sobre si.<\/p>\n\n\n\n<p class=\"has-small-font-size\">Pode informar-nos de quaisquer altera\u00e7\u00f5es aos seus dados pessoais ou pode pedir-nos para retificar quaisquer dados pessoais que mantemos sobre si,<\/p>\n\n\n\n<p class=\"has-small-font-size\">Em algumas situa\u00e7\u00f5es, pode solicitar-nos para apagar, bloquear ou restringir o tratamento dos dados pessoais que temos sobre si, ou contestar determinadas formas de utiliza\u00e7\u00e3o dos seus dados pessoais,<\/p>\n\n\n\n<p class=\"has-small-font-size\">Em algumas situa\u00e7\u00f5es, tamb\u00e9m pode solicitar-nos que enviemos a terceiros os dados pessoais que nos forneceu.<\/p>\n\n\n\n<p class=\"has-small-font-size\">Quando utilizamos os seus dados pessoais com base no seu consentimento, tem o direito de retirar esse consentimento em qualquer momento, de acordo com a lei aplic\u00e1vel. Quando tratamos os seus dados pessoais com base em interesses leg\u00edtimos ou no interesse p\u00fablico, tem tamb\u00e9m o direito de se opor a qualquer momento, sujeito \u00e0 legisla\u00e7\u00e3o aplic\u00e1vel.<\/p>\n\n\n\n<p class=\"has-small-font-size\">Independentemente de onde se encontre ou da entidade de Timescale com que tenha celebrado um contrato, n\u00f3s apoiamo-nos nos nossos Parceiros Comerciais para garantir que os dados pessoais que armazenamos s\u00e3o completos, precisos e atuais. Por favor, informe-nos sempre prontamente de quaisquer altera\u00e7\u00f5es ou incorre\u00e7\u00f5es nos seus dados pessoais.<\/p>\n\n\n\n<p class=\"has-small-font-size\"><strong>Contacte-nos<\/strong><\/p>\n\n\n\n<p class=\"has-small-font-size\">Caso tenha alguma d\u00favida, pedidos ou quest\u00f5es sobre a forma como tratamos os seus dados pessoais ou queira exercer algum dos seus direitos estipulados por esta Declara\u00e7\u00e3o de Privacidade, por favor, contacte o nosso respons\u00e1vel pela prote\u00e7\u00e3o dos dados usando o e-mail dataprotectionoffice@timescale.com.pt. Tamb\u00e9m poder\u00e1 contactar a sua autoridade de prote\u00e7\u00e3o de dados local.<\/p>\n\n\n\n<p class=\"has-small-font-size\"><strong>Altera\u00e7\u00f5es a esta Declara\u00e7\u00e3o de Privacidade<\/strong><\/p>\n\n\n\n<p class=\"has-small-font-size\">As altera\u00e7\u00f5es que estejam relacionadas com o Parceiro Comercial ser\u00e3o comunicadas.<\/p>\n\n\n\n<p class=\"has-small-font-size\">Atualizada a 14 de Julho de 2023. <\/p>\n\n\n\n<p class=\"has-small-font-size\"><strong>Quem \u00e9 respons\u00e1vel pelo processamento dos dados pessoais?<\/strong><\/p>\n\n\n\n<p class=\"has-small-font-size\">A Timescale \u00e9 respons\u00e1vel pelo processamento de dados Caso tenha alguma quest\u00e3o sobre esta Declara\u00e7\u00e3o de Privacidade ou sobre a forma como tratamos os seus dados pessoais, por favor, contacte o nosso Encarregado da Prote\u00e7\u00e3o de Dados atrav\u00e9s do&nbsp;dataprotectionoffice@timescale.com.pt, com o assunto \u201cPrivacidade\u201d, e entraremos em contacto assim que poss\u00edvel.<\/p>\n\n\n\n<h3 class=\"wp-block-heading\"><\/h3>","protected":false},"excerpt":{"rendered":"<p>A sua privacidade \u00e9 muito importante para n\u00f3s. A Timescale est\u00e1 empenhada em proteger e salvaguardar os dados que partilha conosco. Esta Declara\u00e7\u00e3o de Privacidade explica como a Timescale trata os dados pessoais relacionados com indiv\u00edduos, colaboradores, propriet\u00e1rios ou representantes que atuam em nome dos&#8230;<\/p>","protected":false},"author":1,"featured_media":0,"parent":0,"menu_order":0,"comment_status":"closed","ping_status":"open","template":"","meta":{"om_disable_all_campaigns":false,"_monsterinsights_skip_tracking":false,"_monsterinsights_sitenote_active":false,"_monsterinsights_sitenote_note":"","_monsterinsights_sitenote_category":0,"_uf_show_specific_survey":0,"_uf_disable_surveys":false,"footnotes":""},"class_list":["post-3","page","type-page","status-publish","hentry"],"yoast_head":"<!-- This site is optimized with the Yoast SEO plugin v27.4 - https:\/\/yoast.com\/product\/yoast-seo-wordpress\/ -->\n<title>POL\u00cdTICA DE PRIVACIDADE &#8211; TIMESCALE<\/title>\n<meta name=\"robots\" content=\"index, follow, max-snippet:-1, max-image-preview:large, max-video-preview:-1\" \/>\n<link rel=\"canonical\" href=\"https:\/\/timescale.com.pt\/pt\/politica-privacidade\/\" \/>\n<meta property=\"og:locale\" content=\"pt_PT\" \/>\n<meta property=\"og:type\" content=\"article\" \/>\n<meta property=\"og:title\" content=\"POL\u00cdTICA DE PRIVACIDADE &#8211; TIMESCALE\" \/>\n<meta property=\"og:description\" content=\"A sua privacidade \u00e9 muito importante para n\u00f3s. A Timescale est\u00e1 empenhada em proteger e salvaguardar os dados que partilha conosco. Esta Declara\u00e7\u00e3o de Privacidade explica como a Timescale trata os dados pessoais relacionados com indiv\u00edduos, colaboradores, propriet\u00e1rios ou representantes que atuam em nome dos...\" \/>\n<meta property=\"og:url\" content=\"https:\/\/timescale.com.pt\/pt\/politica-privacidade\/\" \/>\n<meta property=\"og:site_name\" content=\"TIMESCALE\" \/>\n<meta property=\"article:modified_time\" content=\"2023-11-20T10:52:23+00:00\" \/>\n<meta name=\"twitter:card\" content=\"summary_large_image\" \/>\n<meta name=\"twitter:label1\" content=\"Tempo estimado de leitura\" \/>\n\t<meta name=\"twitter:data1\" content=\"8 minutos\" \/>\n<script type=\"application\/ld+json\" class=\"yoast-schema-graph\">{\"@context\":\"https:\\\/\\\/schema.org\",\"@graph\":[{\"@type\":\"WebPage\",\"@id\":\"https:\\\/\\\/timescale.com.pt\\\/politica-privacidade\\\/\",\"url\":\"https:\\\/\\\/timescale.com.pt\\\/politica-privacidade\\\/\",\"name\":\"POL\u00cdTICA DE PRIVACIDADE &#8211; TIMESCALE\",\"isPartOf\":{\"@id\":\"https:\\\/\\\/timescale.com.pt\\\/#website\"},\"datePublished\":\"2019-11-14T16:35:06+00:00\",\"dateModified\":\"2023-11-20T10:52:23+00:00\",\"breadcrumb\":{\"@id\":\"https:\\\/\\\/timescale.com.pt\\\/politica-privacidade\\\/#breadcrumb\"},\"inLanguage\":\"pt-PT\",\"potentialAction\":[{\"@type\":\"ReadAction\",\"target\":[\"https:\\\/\\\/timescale.com.pt\\\/politica-privacidade\\\/\"]}]},{\"@type\":\"BreadcrumbList\",\"@id\":\"https:\\\/\\\/timescale.com.pt\\\/politica-privacidade\\\/#breadcrumb\",\"itemListElement\":[{\"@type\":\"ListItem\",\"position\":1,\"name\":\"In\u00edcio\",\"item\":\"https:\\\/\\\/timescale.com.pt\\\/\"},{\"@type\":\"ListItem\",\"position\":2,\"name\":\"POL\u00cdTICA DE PRIVACIDADE\"}]},{\"@type\":\"WebSite\",\"@id\":\"https:\\\/\\\/timescale.com.pt\\\/#website\",\"url\":\"https:\\\/\\\/timescale.com.pt\\\/\",\"name\":\"Timescale\",\"description\":\"Retail Channel Management Portugal\",\"publisher\":{\"@id\":\"https:\\\/\\\/timescale.com.pt\\\/#organization\"},\"potentialAction\":[{\"@type\":\"SearchAction\",\"target\":{\"@type\":\"EntryPoint\",\"urlTemplate\":\"https:\\\/\\\/timescale.com.pt\\\/?s={search_term_string}\"},\"query-input\":{\"@type\":\"PropertyValueSpecification\",\"valueRequired\":true,\"valueName\":\"search_term_string\"}}],\"inLanguage\":\"pt-PT\"},{\"@type\":\"Organization\",\"@id\":\"https:\\\/\\\/timescale.com.pt\\\/#organization\",\"name\":\"Timescale\",\"url\":\"https:\\\/\\\/timescale.com.pt\\\/\",\"logo\":{\"@type\":\"ImageObject\",\"inLanguage\":\"pt-PT\",\"@id\":\"https:\\\/\\\/timescale.com.pt\\\/#\\\/schema\\\/logo\\\/image\\\/\",\"url\":\"https:\\\/\\\/timescale.com.pt\\\/wp-content\\\/uploads\\\/2019\\\/11\\\/logo-1.png\",\"contentUrl\":\"https:\\\/\\\/timescale.com.pt\\\/wp-content\\\/uploads\\\/2019\\\/11\\\/logo-1.png\",\"width\":277,\"height\":259,\"caption\":\"Timescale\"},\"image\":{\"@id\":\"https:\\\/\\\/timescale.com.pt\\\/#\\\/schema\\\/logo\\\/image\\\/\"},\"sameAs\":[\"https:\\\/\\\/www.linkedin.com\\\/company\\\/timescalerepresentacoes\"]}]}<\/script>\n<!-- \/ Yoast SEO plugin. -->","yoast_head_json":{"title":"POL\u00cdTICA DE PRIVACIDADE &#8211; TIMESCALE","robots":{"index":"index","follow":"follow","max-snippet":"max-snippet:-1","max-image-preview":"max-image-preview:large","max-video-preview":"max-video-preview:-1"},"canonical":"https:\/\/timescale.com.pt\/pt\/politica-privacidade\/","og_locale":"pt_PT","og_type":"article","og_title":"POL\u00cdTICA DE PRIVACIDADE &#8211; TIMESCALE","og_description":"A sua privacidade \u00e9 muito importante para n\u00f3s. A Timescale est\u00e1 empenhada em proteger e salvaguardar os dados que partilha conosco. Esta Declara\u00e7\u00e3o de Privacidade explica como a Timescale trata os dados pessoais relacionados com indiv\u00edduos, colaboradores, propriet\u00e1rios ou representantes que atuam em nome dos...","og_url":"https:\/\/timescale.com.pt\/pt\/politica-privacidade\/","og_site_name":"TIMESCALE","article_modified_time":"2023-11-20T10:52:23+00:00","twitter_card":"summary_large_image","twitter_misc":{"Tempo estimado de leitura":"8 minutos"},"schema":{"@context":"https:\/\/schema.org","@graph":[{"@type":"WebPage","@id":"https:\/\/timescale.com.pt\/politica-privacidade\/","url":"https:\/\/timescale.com.pt\/politica-privacidade\/","name":"POL\u00cdTICA DE PRIVACIDADE &#8211; TIMESCALE","isPartOf":{"@id":"https:\/\/timescale.com.pt\/#website"},"datePublished":"2019-11-14T16:35:06+00:00","dateModified":"2023-11-20T10:52:23+00:00","breadcrumb":{"@id":"https:\/\/timescale.com.pt\/politica-privacidade\/#breadcrumb"},"inLanguage":"pt-PT","potentialAction":[{"@type":"ReadAction","target":["https:\/\/timescale.com.pt\/politica-privacidade\/"]}]},{"@type":"BreadcrumbList","@id":"https:\/\/timescale.com.pt\/politica-privacidade\/#breadcrumb","itemListElement":[{"@type":"ListItem","position":1,"name":"In\u00edcio","item":"https:\/\/timescale.com.pt\/"},{"@type":"ListItem","position":2,"name":"POL\u00cdTICA DE PRIVACIDADE"}]},{"@type":"WebSite","@id":"https:\/\/timescale.com.pt\/#website","url":"https:\/\/timescale.com.pt\/","name":"Timescale","description":"Retail Channel Management Portugal","publisher":{"@id":"https:\/\/timescale.com.pt\/#organization"},"potentialAction":[{"@type":"SearchAction","target":{"@type":"EntryPoint","urlTemplate":"https:\/\/timescale.com.pt\/?s={search_term_string}"},"query-input":{"@type":"PropertyValueSpecification","valueRequired":true,"valueName":"search_term_string"}}],"inLanguage":"pt-PT"},{"@type":"Organization","@id":"https:\/\/timescale.com.pt\/#organization","name":"Timescale","url":"https:\/\/timescale.com.pt\/","logo":{"@type":"ImageObject","inLanguage":"pt-PT","@id":"https:\/\/timescale.com.pt\/#\/schema\/logo\/image\/","url":"https:\/\/timescale.com.pt\/wp-content\/uploads\/2019\/11\/logo-1.png","contentUrl":"https:\/\/timescale.com.pt\/wp-content\/uploads\/2019\/11\/logo-1.png","width":277,"height":259,"caption":"Timescale"},"image":{"@id":"https:\/\/timescale.com.pt\/#\/schema\/logo\/image\/"},"sameAs":["https:\/\/www.linkedin.com\/company\/timescalerepresentacoes"]}]}},"_links":{"self":[{"href":"https:\/\/timescale.com.pt\/pt\/wp-json\/wp\/v2\/pages\/3","targetHints":{"allow":["GET"]}}],"collection":[{"href":"https:\/\/timescale.com.pt\/pt\/wp-json\/wp\/v2\/pages"}],"about":[{"href":"https:\/\/timescale.com.pt\/pt\/wp-json\/wp\/v2\/types\/page"}],"author":[{"embeddable":true,"href":"https:\/\/timescale.com.pt\/pt\/wp-json\/wp\/v2\/users\/1"}],"replies":[{"embeddable":true,"href":"https:\/\/timescale.com.pt\/pt\/wp-json\/wp\/v2\/comments?post=3"}],"version-history":[{"count":6,"href":"https:\/\/timescale.com.pt\/pt\/wp-json\/wp\/v2\/pages\/3\/revisions"}],"predecessor-version":[{"id":16237,"href":"https:\/\/timescale.com.pt\/pt\/wp-json\/wp\/v2\/pages\/3\/revisions\/16237"}],"wp:attachment":[{"href":"https:\/\/timescale.com.pt\/pt\/wp-json\/wp\/v2\/media?parent=3"}],"curies":[{"name":"wp","href":"https:\/\/api.w.org\/{rel}","templated":true}]}}